{"id":205,"date":"2021-03-31T18:45:52","date_gmt":"2021-03-31T16:45:52","guid":{"rendered":"https:\/\/shop.lestetikalea.com\/?post_type=product&#038;p=205"},"modified":"2025-02-04T12:46:50","modified_gmt":"2025-02-04T11:46:50","slug":"bdr-re-move-ph-reinigungsmilch-unreine-haut-30ml","status":"publish","type":"product","link":"https:\/\/shop.lestetikalea.com\/hr\/bdr-kozmeticni-preparati-za-nego-koze\/ciscenje-koze\/bdr-re-move-ph-reinigungsmilch-unreine-haut-30ml\/","title":{"rendered":"BDR Re-move PH \u010distilno mleko &#8211; 30 mL"},"content":{"rendered":"<div class=\"content--title\">\n<p><em><strong>Dnevno \u010di\u0161\u010denje<\/strong><\/em><\/p>\n<p>Zelo lahka \u010distilna teko\u010dina iz serije izdelkov Pure<br \/>\nHarmony vsebuje mikronizirano srebro, ki je<br \/>\nodlo\u010dilnega pomena pri \u010di\u0161\u010denju vnete, ne\u010diste,<br \/>\nob\u010dutljive in obremenjene ko\u017ee. Zmanj\u0161uje<br \/>\nizlo\u010danje loja, nevtralizira in ustvarja ne\u017een, sve\u017e<br \/>\nob\u010dutek na ko\u017ei.<\/p>\n<p><em><strong>Uporaba<\/strong><\/em><\/p>\n<p>Pred uporabo dobro pretresite. Zjutraj in zve\u010der<br \/>\nnanesite 2\u20133 dozirne enote na suho ko\u017eo, ne\u017eno<br \/>\nvtrite in temeljito sperite z vodo. Uporabno tudi<br \/>\nkot \u010distilna maska (pustite u\u010dinkovati najmanj 5\u2013<br \/>\n10 minut).<\/p>\n<\/div>","protected":false},"excerpt":{"rendered":"<h2 class=\"gaxweb_product_name2\">pure harmony cleanser<\/h2>","protected":false},"featured_media":575,"template":"","meta":[],"product_cat":[16],"product_tag":[],"class_list":["post-205","product","type-product","status-publish","has-post-thumbnail","hentry","product_cat-ciscenje-koze"],"_links":{"self":[{"href":"https:\/\/shop.lestetikalea.com\/hr\/wp-json\/wp\/v2\/product\/205","targetHints":{"allow":["GET"]}}],"collection":[{"href":"https:\/\/shop.lestetikalea.com\/hr\/wp-json\/wp\/v2\/product"}],"about":[{"href":"https:\/\/shop.lestetikalea.com\/hr\/wp-json\/wp\/v2\/types\/product"}],"wp:featuredmedia":[{"embeddable":true,"href":"https:\/\/shop.lestetikalea.com\/hr\/wp-json\/wp\/v2\/media\/575"}],"wp:attachment":[{"href":"https:\/\/shop.lestetikalea.com\/hr\/wp-json\/wp\/v2\/media?parent=205"}],"wp:term":[{"taxonomy":"product_cat","embeddable":true,"href":"https:\/\/shop.lestetikalea.com\/hr\/wp-json\/wp\/v2\/product_cat?post=205"},{"taxonomy":"product_tag","embeddable":true,"href":"https:\/\/shop.lestetikalea.com\/hr\/wp-json\/wp\/v2\/product_tag?post=205"}],"curies":[{"name":"wp","href":"https:\/\/api.w.org\/{rel}","templated":true}]}}