{"id":209,"date":"2021-04-06T14:23:38","date_gmt":"2021-04-06T12:23:38","guid":{"rendered":"https:\/\/shop.lestetikalea.com\/?post_type=product&#038;p=209"},"modified":"2025-02-04T12:46:33","modified_gmt":"2025-02-04T11:46:33","slug":"bdr-re-charge-contour-push-up-serum-50-ml","status":"publish","type":"product","link":"https:\/\/shop.lestetikalea.com\/hr\/bdr-kozmeticni-preparati-za-nego-koze\/vlazenje\/bdr-re-charge-contour-push-up-serum-50-ml\/","title":{"rendered":"BDR Re-charge serum &#8211; 50 mL"},"content":{"rendered":"<p><strong><em>Dnevna nega<\/em><\/strong><\/p>\n<p>Intenziven vla\u017eilni serum z nizko molekularno hialuronsko kislino, primeren za vsako ko\u017eo. Ponovno<br \/>\nvzpostavi vla\u017enost v zgornji plasti ko\u017ei, pantenol deluje pomirjujo\u010de in vzpostavlja ravnovesje.<br \/>\nReceptura omogo\u010da odli\u010dno prena\u0161anje preparata.<\/p>\n<p><em><strong>Uporaba<\/strong><\/em><\/p>\n<p>Nanesite 1\u20132 dozirni enoti zjutraj in zve\u010der pred zaklju\u010dno nego.<\/p>","protected":false},"excerpt":{"rendered":"<p><strong><em>Dnevna nega<\/em><\/strong><\/p>\n<p>Intenziven vla\u017eilni serum z nizko molekularno hialuronsko kislino, primeren za vsako ko\u017eo. Ponovno<br \/>\nvzpostavi vla\u017enost v zgornji plasti ko\u017ei, pantenol deluje pomirjujo\u010de in vzpostavlja ravnovesje.<br \/>\nReceptura omogo\u010da odli\u010dno prena\u0161anje preparata.<\/p>","protected":false},"featured_media":292,"template":"","meta":[],"product_cat":[18],"product_tag":[],"class_list":["post-209","product","type-product","status-publish","has-post-thumbnail","hentry","product_cat-vlazenje"],"_links":{"self":[{"href":"https:\/\/shop.lestetikalea.com\/hr\/wp-json\/wp\/v2\/product\/209","targetHints":{"allow":["GET"]}}],"collection":[{"href":"https:\/\/shop.lestetikalea.com\/hr\/wp-json\/wp\/v2\/product"}],"about":[{"href":"https:\/\/shop.lestetikalea.com\/hr\/wp-json\/wp\/v2\/types\/product"}],"wp:featuredmedia":[{"embeddable":true,"href":"https:\/\/shop.lestetikalea.com\/hr\/wp-json\/wp\/v2\/media\/292"}],"wp:attachment":[{"href":"https:\/\/shop.lestetikalea.com\/hr\/wp-json\/wp\/v2\/media?parent=209"}],"wp:term":[{"taxonomy":"product_cat","embeddable":true,"href":"https:\/\/shop.lestetikalea.com\/hr\/wp-json\/wp\/v2\/product_cat?post=209"},{"taxonomy":"product_tag","embeddable":true,"href":"https:\/\/shop.lestetikalea.com\/hr\/wp-json\/wp\/v2\/product_tag?post=209"}],"curies":[{"name":"wp","href":"https:\/\/api.w.org\/{rel}","templated":true}]}}