{"id":246,"date":"2021-05-24T14:16:07","date_gmt":"2021-05-24T12:16:07","guid":{"rendered":"https:\/\/shop.lestetikalea.com\/?post_type=product&#038;p=246"},"modified":"2026-03-11T11:59:31","modified_gmt":"2026-03-11T10:59:31","slug":"bdr-re-move-cistilno-mleko","status":"publish","type":"product","link":"https:\/\/shop.lestetikalea.com\/hr\/bdr-kozmeticni-preparati-za-nego-koze\/ciscenje-koze\/bdr-re-move-cistilno-mleko\/","title":{"rendered":"BDR Re-move \u010distilno mleko &#8211; 100 mL"},"content":{"rendered":"<p><strong>Dnevno \u010di\u0161\u010denje<\/strong><\/p>\n<p>\u010cistilno mleko na osnovi aloe vere je optimalno primerno za ob\u010dutljivo, suho in me\u0161ano ko\u017eo.<\/p>\n<p>&nbsp;<\/p>\n<p><strong>Priporo\u010dilo za nego<\/strong><\/p>\n<p>Zjutraj in zve\u010der nanesite 2-3 enote na suho ko\u017eo, vtrite in sperite z vodo.<\/p>","protected":false},"excerpt":{"rendered":"<p><em><strong>Dnevno \u010di\u0161\u010denje<\/strong><\/em><\/p>\n<p>\u010cistilno mleko na osnovi aloe vere je optimalno primerno za ob\u010dutljivo, suho in me\u0161ano ko\u017eo.<\/p>","protected":false},"featured_media":287,"template":"","meta":[],"product_cat":[16],"product_tag":[],"class_list":["post-246","product","type-product","status-publish","has-post-thumbnail","hentry","product_cat-ciscenje-koze"],"_links":{"self":[{"href":"https:\/\/shop.lestetikalea.com\/hr\/wp-json\/wp\/v2\/product\/246","targetHints":{"allow":["GET"]}}],"collection":[{"href":"https:\/\/shop.lestetikalea.com\/hr\/wp-json\/wp\/v2\/product"}],"about":[{"href":"https:\/\/shop.lestetikalea.com\/hr\/wp-json\/wp\/v2\/types\/product"}],"wp:featuredmedia":[{"embeddable":true,"href":"https:\/\/shop.lestetikalea.com\/hr\/wp-json\/wp\/v2\/media\/287"}],"wp:attachment":[{"href":"https:\/\/shop.lestetikalea.com\/hr\/wp-json\/wp\/v2\/media?parent=246"}],"wp:term":[{"taxonomy":"product_cat","embeddable":true,"href":"https:\/\/shop.lestetikalea.com\/hr\/wp-json\/wp\/v2\/product_cat?post=246"},{"taxonomy":"product_tag","embeddable":true,"href":"https:\/\/shop.lestetikalea.com\/hr\/wp-json\/wp\/v2\/product_tag?post=246"}],"curies":[{"name":"wp","href":"https:\/\/api.w.org\/{rel}","templated":true}]}}