{"id":254,"date":"2021-07-24T07:39:46","date_gmt":"2021-07-24T05:39:46","guid":{"rendered":"https:\/\/shop.lestetikalea.com\/?post_type=product&#038;p=254"},"modified":"2023-02-21T13:15:48","modified_gmt":"2023-02-21T12:15:48","slug":"bdr-re-vital-ph-krema-50-ml","status":"publish","type":"product","link":"https:\/\/shop.lestetikalea.com\/hr\/bdr-kozmeticni-preparati-za-nego-koze\/zascita-in-nega\/bdr-re-vital-ph-krema-50-ml\/","title":{"rendered":"BDR Re-vital PH krema &#8211; 50 mL"},"content":{"rendered":"<p><em><strong>Za dnevno in no\u010dno nego<\/strong><\/em><\/p>\n<p>Svilnato mehka teko\u010dina vsebuje mikronizirano srebro, kar predstavlja idealno re\u0161itev za izredno<br \/>\nob\u010dutljivo, razdra\u017eeno ali vneto ko\u017eo. Popravi videz, ko\u017ea deluje bolj \u010disto in uravnote\u017eeno. \u0160e<br \/>\nposebej priporo\u010dljivo za uporabo okoli o\u010di.<\/p>\n<p><em><strong>Uporaba<\/strong><\/em><\/p>\n<p>Nanesite zjutraj in zve\u010der po \u010di\u0161\u010denju.<\/p>","protected":false},"excerpt":{"rendered":"<p><em><strong>Za dnevno in no\u010dno nego<\/strong><\/em><\/p>\n<p>Svilnato mehka teko\u010dina vsebuje mikronizirano srebro, kar predstavlja idealno re\u0161itev za izredno<br \/>\nob\u010dutljivo, razdra\u017eeno ali vneto ko\u017eo. Popravi videz, ko\u017ea deluje bolj \u010disto in uravnote\u017eeno. \u0160e<br \/>\nposebej priporo\u010dljivo za uporabo okoli o\u010di.<\/p>","protected":false},"featured_media":321,"template":"","meta":[],"product_cat":[20],"product_tag":[],"class_list":["post-254","product","type-product","status-publish","has-post-thumbnail","hentry","product_cat-zascita-in-nega"],"_links":{"self":[{"href":"https:\/\/shop.lestetikalea.com\/hr\/wp-json\/wp\/v2\/product\/254","targetHints":{"allow":["GET"]}}],"collection":[{"href":"https:\/\/shop.lestetikalea.com\/hr\/wp-json\/wp\/v2\/product"}],"about":[{"href":"https:\/\/shop.lestetikalea.com\/hr\/wp-json\/wp\/v2\/types\/product"}],"wp:featuredmedia":[{"embeddable":true,"href":"https:\/\/shop.lestetikalea.com\/hr\/wp-json\/wp\/v2\/media\/321"}],"wp:attachment":[{"href":"https:\/\/shop.lestetikalea.com\/hr\/wp-json\/wp\/v2\/media?parent=254"}],"wp:term":[{"taxonomy":"product_cat","embeddable":true,"href":"https:\/\/shop.lestetikalea.com\/hr\/wp-json\/wp\/v2\/product_cat?post=254"},{"taxonomy":"product_tag","embeddable":true,"href":"https:\/\/shop.lestetikalea.com\/hr\/wp-json\/wp\/v2\/product_tag?post=254"}],"curies":[{"name":"wp","href":"https:\/\/api.w.org\/{rel}","templated":true}]}}