{"id":256,"date":"2021-07-07T12:50:47","date_gmt":"2021-07-07T10:50:47","guid":{"rendered":"https:\/\/shop.lestetikalea.com\/?post_type=product&#038;p=256"},"modified":"2025-02-04T12:45:23","modified_gmt":"2025-02-04T11:45:23","slug":"bdr-re-charge-ph-serum-10-ml","status":"publish","type":"product","link":"https:\/\/shop.lestetikalea.com\/hr\/bdr-kozmeticni-preparati-za-nego-koze\/vlazenje\/bdr-re-charge-ph-serum-10-ml\/","title":{"rendered":"BDR Re-charge PH serum &#8211; 10 mL"},"content":{"rendered":"<p><em><strong>Dnevna nega<\/strong><\/em><\/p>\n<p>Vla\u017eilni serum iz linije Pure Harmony je primeren za mastno in ne\u010disto ko\u017eo. Uravnava izlo\u010danje sebuma in pomirja ko\u017eo. Pri redni uporabi se delovanje lojnic umiri in videz ko\u017ee je lep\u0161i.<\/p>\n<p><strong><em>Uporaba:<\/em><\/strong><\/p>\n<p>Nanesite 1-2 dozirni enoti zjutraj in zve\u010der pred zaklju\u010dno nego.<\/p>","protected":false},"excerpt":{"rendered":"<p><em><strong>Dnevna nega<\/strong><\/em><\/p>\n<p>Vla\u017eilni serum iz linije Pure Harmony je primeren za mastno in ne\u010disto ko\u017eo. Uravnava izlo\u010danje sebuma in pomirja ko\u017eo. Pri redni uporabi se delovanje lojnic umiri in videz ko\u017ee je lep\u0161i.<\/p>","protected":false},"featured_media":566,"template":"","meta":[],"product_cat":[18],"product_tag":[],"class_list":["post-256","product","type-product","status-publish","has-post-thumbnail","hentry","product_cat-vlazenje"],"_links":{"self":[{"href":"https:\/\/shop.lestetikalea.com\/hr\/wp-json\/wp\/v2\/product\/256","targetHints":{"allow":["GET"]}}],"collection":[{"href":"https:\/\/shop.lestetikalea.com\/hr\/wp-json\/wp\/v2\/product"}],"about":[{"href":"https:\/\/shop.lestetikalea.com\/hr\/wp-json\/wp\/v2\/types\/product"}],"wp:featuredmedia":[{"embeddable":true,"href":"https:\/\/shop.lestetikalea.com\/hr\/wp-json\/wp\/v2\/media\/566"}],"wp:attachment":[{"href":"https:\/\/shop.lestetikalea.com\/hr\/wp-json\/wp\/v2\/media?parent=256"}],"wp:term":[{"taxonomy":"product_cat","embeddable":true,"href":"https:\/\/shop.lestetikalea.com\/hr\/wp-json\/wp\/v2\/product_cat?post=256"},{"taxonomy":"product_tag","embeddable":true,"href":"https:\/\/shop.lestetikalea.com\/hr\/wp-json\/wp\/v2\/product_tag?post=256"}],"curies":[{"name":"wp","href":"https:\/\/api.w.org\/{rel}","templated":true}]}}