{"id":257,"date":"2021-07-24T07:47:24","date_gmt":"2021-07-24T05:47:24","guid":{"rendered":"https:\/\/shop.lestetikalea.com\/?post_type=product&#038;p=257"},"modified":"2025-02-04T12:43:57","modified_gmt":"2025-02-04T11:43:57","slug":"bdr-re-charge-n-serum-30-ml","status":"publish","type":"product","link":"https:\/\/shop.lestetikalea.com\/hr\/bdr-kozmeticni-preparati-za-nego-koze\/vlazenje\/bdr-re-charge-n-serum-30-ml\/","title":{"rendered":"BDR Re-charge N serum &#8211; 30 mL"},"content":{"rendered":"<p><em><strong>Dnevna nega<\/strong><\/em><\/p>\n<p>Ultra nizko molekularen, maksimalno koncentriran serum s Hydractin\u00ae in hialuronsko kislino oskrbuje ko\u017eo z vlago na podlagi dolgotrajnega u\u010dinka kopi\u010denja vlage. Pozitivno u\u010dinkuje na regeneracijo in razmno\u017eevanje celic. \u0160e posebej priporo\u010dljivo za obmo\u010dje okoli o\u010di.<\/p>\n<p><em><strong>Uporaba<\/strong><\/em><\/p>\n<p>Tanko nanesite 1\u20132 dozirni enoti in rahlo vmasirajte.<\/p>","protected":false},"excerpt":{"rendered":"<p><em><strong>Dnevna nega<\/strong><\/em><\/p>\n<p>Ultra nizko molekularen, maksimalno koncentriran serum s Hydractin\u00ae in hialuronsko kislino oskrbuje ko\u017eo z vlago na podlagi dolgotrajnega u\u010dinka kopi\u010denja vlage. Pozitivno u\u010dinkuje na regeneracijo in razmno\u017eevanje celic. \u0160e posebej priporo\u010dljivo za obmo\u010dje okoli o\u010di.<\/p>","protected":false},"featured_media":319,"template":"","meta":[],"product_cat":[18],"product_tag":[],"class_list":["post-257","product","type-product","status-publish","has-post-thumbnail","hentry","product_cat-vlazenje"],"_links":{"self":[{"href":"https:\/\/shop.lestetikalea.com\/hr\/wp-json\/wp\/v2\/product\/257","targetHints":{"allow":["GET"]}}],"collection":[{"href":"https:\/\/shop.lestetikalea.com\/hr\/wp-json\/wp\/v2\/product"}],"about":[{"href":"https:\/\/shop.lestetikalea.com\/hr\/wp-json\/wp\/v2\/types\/product"}],"wp:featuredmedia":[{"embeddable":true,"href":"https:\/\/shop.lestetikalea.com\/hr\/wp-json\/wp\/v2\/media\/319"}],"wp:attachment":[{"href":"https:\/\/shop.lestetikalea.com\/hr\/wp-json\/wp\/v2\/media?parent=257"}],"wp:term":[{"taxonomy":"product_cat","embeddable":true,"href":"https:\/\/shop.lestetikalea.com\/hr\/wp-json\/wp\/v2\/product_cat?post=257"},{"taxonomy":"product_tag","embeddable":true,"href":"https:\/\/shop.lestetikalea.com\/hr\/wp-json\/wp\/v2\/product_tag?post=257"}],"curies":[{"name":"wp","href":"https:\/\/api.w.org\/{rel}","templated":true}]}}