{"id":261,"date":"2021-07-24T07:56:44","date_gmt":"2021-07-24T05:56:44","guid":{"rendered":"https:\/\/shop.lestetikalea.com\/?post_type=product&#038;p=261"},"modified":"2025-02-04T12:42:41","modified_gmt":"2025-02-04T11:42:41","slug":"bdr-re-fine-fluid-30-ml","status":"publish","type":"product","link":"https:\/\/shop.lestetikalea.com\/hr\/bdr-kozmeticni-preparati-za-nego-koze\/resevanje-problemov\/bdr-re-fine-fluid-30-ml\/","title":{"rendered":"BDR Re-fine fluid &#8211; 30 mL"},"content":{"rendered":"<p><em><strong>Dnevna nega<\/strong><\/em><\/p>\n<p>Ultra lahka teko\u010dina z visoko dozirano formulo za nego: AquaPront\u00ae zmanj\u0161uje pore in gubice ter<br \/>\ntako zagotavlja spektakularno enakomeren profil ko\u017ee. U\u010dinek je dodatno dose\u017een z mikroorganizmi,<br \/>\nki poleg tega gladijo ko\u017eo in zavirajo vnetja. Dodani izvle\u010dek zelenih alg pomembno vpliva na obnovo<br \/>\ncelic, tako da zvi\u0161uje ko\u017ei lastno sintezo kolagena in elastina ter utrjuje tonus ko\u017ee.<br \/>\nRe-fine, revolucija za izbolj\u0161ano in opti\u010dno pomlajeno ko\u017eo!<\/p>\n<p><em><strong>Uporaba<\/strong><\/em><\/p>\n<p>Nanesite 1\u20132 dozirni enoti zjutraj in zve\u010der pred zaklju\u010dno nego.<\/p>","protected":false},"excerpt":{"rendered":"<p><em><strong>Dnevna nega<\/strong><\/em><\/p>\n<p>Re-fine, revolucija za izbolj\u0161ano in opti\u010dno pomlajeno ko\u017eo!<br \/>\nUltra lahka teko\u010dina z visoko dozirano formulo za nego: AquaPront\u00ae zmanj\u0161uje pore in gubice ter<br \/>\ntako zagotavlja spektakularno enakomeren profil ko\u017ee.<\/p>","protected":false},"featured_media":301,"template":"","meta":[],"product_cat":[19],"product_tag":[],"class_list":["post-261","product","type-product","status-publish","has-post-thumbnail","hentry","product_cat-resevanje-problemov"],"_links":{"self":[{"href":"https:\/\/shop.lestetikalea.com\/hr\/wp-json\/wp\/v2\/product\/261","targetHints":{"allow":["GET"]}}],"collection":[{"href":"https:\/\/shop.lestetikalea.com\/hr\/wp-json\/wp\/v2\/product"}],"about":[{"href":"https:\/\/shop.lestetikalea.com\/hr\/wp-json\/wp\/v2\/types\/product"}],"wp:featuredmedia":[{"embeddable":true,"href":"https:\/\/shop.lestetikalea.com\/hr\/wp-json\/wp\/v2\/media\/301"}],"wp:attachment":[{"href":"https:\/\/shop.lestetikalea.com\/hr\/wp-json\/wp\/v2\/media?parent=261"}],"wp:term":[{"taxonomy":"product_cat","embeddable":true,"href":"https:\/\/shop.lestetikalea.com\/hr\/wp-json\/wp\/v2\/product_cat?post=261"},{"taxonomy":"product_tag","embeddable":true,"href":"https:\/\/shop.lestetikalea.com\/hr\/wp-json\/wp\/v2\/product_tag?post=261"}],"curies":[{"name":"wp","href":"https:\/\/api.w.org\/{rel}","templated":true}]}}