{"id":263,"date":"2021-07-24T07:58:54","date_gmt":"2021-07-24T05:58:54","guid":{"rendered":"https:\/\/shop.lestetikalea.com\/?post_type=product&#038;p=263"},"modified":"2023-02-21T13:11:20","modified_gmt":"2023-02-21T12:11:20","slug":"bdr-re-action-deep-kislinski-piling-30-ml","status":"publish","type":"product","link":"https:\/\/shop.lestetikalea.com\/hr\/bdr-kozmeticni-preparati-za-nego-koze\/priprava-koze\/bdr-re-action-deep-kislinski-piling-30-ml\/","title":{"rendered":"BDR Re-action deep kislinski piling &#8211; 30 mL"},"content":{"rendered":"<p><em><strong>Tedenska nega &#8211; piling<\/strong><\/em><\/p>\n<p>Glikolna kislina ne\u017eno odstranjuje odmrle ko\u017ene luske, izbolj\u0161uje strukturo ko\u017ee in skrbi za sve\u017e in<br \/>\nsijo\u010d videz. Primerno za mastno in brazgotinasto ko\u017eo z velikimi porami, za me\u0161ano ali ne\u010disto ko\u017eo.<\/p>\n<p>&nbsp;<\/p>\n<p><em><strong>Uporaba<\/strong><\/em><\/p>\n<p>Nanesite 1\u20133 tedensko 4\u20136 dozirnih enot nanesite na obraz, vrat in dekolte, pri \u010demer se izogibajte predelu okoli o\u010di in sluznice. Po 10-15 minutah odstranite z mla\u010dno vodo.<\/p>\n<p>&nbsp;<\/p>\n<p><strong><em>Kontraindikacije:<\/em><\/strong><\/p>\n<p>Alergije, akutna rozacea, nose\u010dnost in dojenje, izpostavljenost soncu ali UV \u017earkom, obmo\u010dja, ki jih je prizadel herpes.<\/p>","protected":false},"excerpt":{"rendered":"<p><em><strong>Tedenska nega &#8211; piling<\/strong><\/em><\/p>\n<p>Glikolna kislina ne\u017eno odstranjuje odmrle ko\u017ene luske, izbolj\u0161uje strukturo ko\u017ee in skrbi za sve\u017e in<br \/>\nsijo\u010d videz. Primerno za mastno in brazgotinasto ko\u017eo z velikimi porami, za me\u0161ano ali ne\u010disto ko\u017eo.<\/p>","protected":false},"featured_media":299,"template":"","meta":[],"product_cat":[17],"product_tag":[],"class_list":["post-263","product","type-product","status-publish","has-post-thumbnail","hentry","product_cat-priprava-koze"],"_links":{"self":[{"href":"https:\/\/shop.lestetikalea.com\/hr\/wp-json\/wp\/v2\/product\/263","targetHints":{"allow":["GET"]}}],"collection":[{"href":"https:\/\/shop.lestetikalea.com\/hr\/wp-json\/wp\/v2\/product"}],"about":[{"href":"https:\/\/shop.lestetikalea.com\/hr\/wp-json\/wp\/v2\/types\/product"}],"wp:featuredmedia":[{"embeddable":true,"href":"https:\/\/shop.lestetikalea.com\/hr\/wp-json\/wp\/v2\/media\/299"}],"wp:attachment":[{"href":"https:\/\/shop.lestetikalea.com\/hr\/wp-json\/wp\/v2\/media?parent=263"}],"wp:term":[{"taxonomy":"product_cat","embeddable":true,"href":"https:\/\/shop.lestetikalea.com\/hr\/wp-json\/wp\/v2\/product_cat?post=263"},{"taxonomy":"product_tag","embeddable":true,"href":"https:\/\/shop.lestetikalea.com\/hr\/wp-json\/wp\/v2\/product_tag?post=263"}],"curies":[{"name":"wp","href":"https:\/\/api.w.org\/{rel}","templated":true}]}}