{"id":266,"date":"2021-07-24T08:03:34","date_gmt":"2021-07-24T06:03:34","guid":{"rendered":"https:\/\/shop.lestetikalea.com\/?post_type=product&#038;p=266"},"modified":"2023-02-21T13:06:37","modified_gmt":"2023-02-21T12:06:37","slug":"bdr-re-construct-krema-15-ml","status":"publish","type":"product","link":"https:\/\/shop.lestetikalea.com\/hr\/bdr-kozmeticni-preparati-za-nego-koze\/zascita-in-nega\/bdr-re-construct-krema-15-ml\/","title":{"rendered":"BDR Re-construct krema &#8211; 15 mL"},"content":{"rendered":"<p><strong><em>Dnevna in no\u010dna nega<\/em><\/strong><\/p>\n<p>Luksuzni kompleks Age Repair nudi brezkompromisno nego z \u017eametno teksturo in \u0161\u010diti zelo suho<br \/>\nali ob\u010dutljivo ko\u017eo, tudi v primeru ekstremnih obremenitev, kot sta mraz ali suh zrak v prostoru.<br \/>\nSinergijsko usklajeni peptidni kompleksi spadajo med najnaprednej\u0161e svojevrstne kategorije. V kombinaciji<br \/>\nz rastlinskimi, visoko u\u010dinkovitimi sestavinami izbolj\u0161ujejo celi\u010dno komunikacijo (Intensive PowerCell-<br \/>\nKomplex by bdr), podpirajo delovanje izvornih celic in posledi\u010dno je upo\u010dasnjen proces staranja ko\u017ee.<\/p>\n<p><em><strong>Uporaba<\/strong><\/em><\/p>\n<p>Zjutraj in zve\u010der po \u010di\u0161\u010denju in po nanosu serumov BDR na obraz, vrat in dekolte zagotavlja<br \/>\nRe-construct ne\u017eno sijo\u010do in gladko ko\u017eo.<\/p>","protected":false},"excerpt":{"rendered":"<p><strong><em>Dnevna in no\u010dna nega<\/em><\/strong><\/p>\n<p>Luksuzni kompleks Age Repair nudi brezkompromisno nego z \u017eametno teksturo in \u0161\u010diti zelo suho<br \/>\nali ob\u010dutljivo ko\u017eo, tudi v primeru ekstremnih obremenitev, kot sta mraz ali suh zrak v prostoru.<\/p>","protected":false},"featured_media":581,"template":"","meta":[],"product_cat":[20],"product_tag":[],"class_list":["post-266","product","type-product","status-publish","has-post-thumbnail","hentry","product_cat-zascita-in-nega"],"_links":{"self":[{"href":"https:\/\/shop.lestetikalea.com\/hr\/wp-json\/wp\/v2\/product\/266","targetHints":{"allow":["GET"]}}],"collection":[{"href":"https:\/\/shop.lestetikalea.com\/hr\/wp-json\/wp\/v2\/product"}],"about":[{"href":"https:\/\/shop.lestetikalea.com\/hr\/wp-json\/wp\/v2\/types\/product"}],"wp:featuredmedia":[{"embeddable":true,"href":"https:\/\/shop.lestetikalea.com\/hr\/wp-json\/wp\/v2\/media\/581"}],"wp:attachment":[{"href":"https:\/\/shop.lestetikalea.com\/hr\/wp-json\/wp\/v2\/media?parent=266"}],"wp:term":[{"taxonomy":"product_cat","embeddable":true,"href":"https:\/\/shop.lestetikalea.com\/hr\/wp-json\/wp\/v2\/product_cat?post=266"},{"taxonomy":"product_tag","embeddable":true,"href":"https:\/\/shop.lestetikalea.com\/hr\/wp-json\/wp\/v2\/product_tag?post=266"}],"curies":[{"name":"wp","href":"https:\/\/api.w.org\/{rel}","templated":true}]}}