{"id":272,"date":"2021-07-07T13:15:08","date_gmt":"2021-07-07T11:15:08","guid":{"rendered":"https:\/\/shop.lestetikalea.com\/?post_type=product&#038;p=272"},"modified":"2025-02-04T12:44:44","modified_gmt":"2025-02-04T11:44:44","slug":"bdr-contour-neck-fluid-za-vrat-30-ml","status":"publish","type":"product","link":"https:\/\/shop.lestetikalea.com\/hr\/bdr-kozmeticni-preparati-za-nego-koze\/vlazenje\/bdr-contour-neck-fluid-za-vrat-30-ml\/","title":{"rendered":"BDR Contour neck fluid za vrat &#8211; 30 mL"},"content":{"rendered":"<p><em><strong>Serum za vrat in dekolte<\/strong><\/em><\/p>\n<p>Ledeni\u0161ka voda, obdana z liposomi in obogatena z minerali zagotavlja sve\u017eino in globinsko nego. \u0160\u010diti pred oksidativnim stresom in zunanjimi vplivi. Hitro se vpije in ne pu\u0161\u010da made\u017eev na obla\u010dilih ali laseh.<\/p>\n<p><em><strong>Uporaba<\/strong><\/em><\/p>\n<p>Zjutraj in zve\u010der nanesi na vrat in dekolte ter ne\u017eno vmasiraj.<\/p>","protected":false},"excerpt":{"rendered":"<p><em><strong>Serum za vrat in dekolte<\/strong><\/em><\/p>\n<p>Ledeni\u0161ka voda, obdana z liposomi in obogatena z minerali zagotavlja sve\u017eino in globinsko nego. \u0160\u010diti pred oksidativnim stresom in zunanjimi vplivi. Hitro se vpije in ne pu\u0161\u010da made\u017eev na obla\u010dilih ali laseh.<\/p>","protected":false},"featured_media":552,"template":"","meta":[],"product_cat":[18],"product_tag":[],"class_list":["post-272","product","type-product","status-publish","has-post-thumbnail","hentry","product_cat-vlazenje"],"_links":{"self":[{"href":"https:\/\/shop.lestetikalea.com\/hr\/wp-json\/wp\/v2\/product\/272","targetHints":{"allow":["GET"]}}],"collection":[{"href":"https:\/\/shop.lestetikalea.com\/hr\/wp-json\/wp\/v2\/product"}],"about":[{"href":"https:\/\/shop.lestetikalea.com\/hr\/wp-json\/wp\/v2\/types\/product"}],"wp:featuredmedia":[{"embeddable":true,"href":"https:\/\/shop.lestetikalea.com\/hr\/wp-json\/wp\/v2\/media\/552"}],"wp:attachment":[{"href":"https:\/\/shop.lestetikalea.com\/hr\/wp-json\/wp\/v2\/media?parent=272"}],"wp:term":[{"taxonomy":"product_cat","embeddable":true,"href":"https:\/\/shop.lestetikalea.com\/hr\/wp-json\/wp\/v2\/product_cat?post=272"},{"taxonomy":"product_tag","embeddable":true,"href":"https:\/\/shop.lestetikalea.com\/hr\/wp-json\/wp\/v2\/product_tag?post=272"}],"curies":[{"name":"wp","href":"https:\/\/api.w.org\/{rel}","templated":true}]}}