{"id":277,"date":"2021-08-10T09:51:55","date_gmt":"2021-08-10T07:51:55","guid":{"rendered":"https:\/\/shop.lestetikalea.com\/?post_type=product&#038;p=277"},"modified":"2026-03-11T11:56:49","modified_gmt":"2026-03-11T10:56:49","slug":"bdr-bio-cell-maska-10-kom","status":"publish","type":"product","link":"https:\/\/shop.lestetikalea.com\/hr\/bdr-kozmeticni-preparati-za-nego-koze\/maske-za-obraz\/bdr-bio-cell-maska-10-kom\/","title":{"rendered":"BDR Bio Cell maska &#8211; 10 kom."},"content":{"rendered":"<p><em><strong>Maska za obraz<\/strong><\/em><\/p>\n<p>Dragocene sestavine, kot so kolagen in ceramidi tvorijo intenzivno za\u0161\u010ditno plast, ki ve\u017ee vlago, pomladi ko\u017eo, gladi gubice, izravnava napetost ko\u017ee in tako podari ko\u017ei opazno \u010dvrst in elasti\u010den videz. Gladi in meh\u010da ko\u017eo, pomirja, uravnote\u017ea. Tekstura ko\u017ee se z redno uporabo izbolj\u0161a.<\/p>\n<p>&nbsp;<\/p>\n<p><em><strong>Uporaba<\/strong><\/em><\/p>\n<p>Nanesite 1-2 krat na teden na o\u010di\u0161\u010deno ko\u017eo. Maska Bio Cell je sestavljena iz treh plasti &#8211; srednja plast je prozorna, skoraj nevidna elasti\u010dna maska. Najprej odstranite plast flisa iz modrih vlaken, nato pa prosojno srednjo plast maske polo\u017eite neposredno na obraz, preden odstranite sijajni sloj papirja. Odstranite po 20-30 minutah in vmasirajte teko\u010dino, ki po odstranitvi maske ostane na ko\u017ei.<\/p>","protected":false},"excerpt":{"rendered":"<p>Dragocene sestavine, kot so kolagen in ceramidi tvorijo intenzivno za\u0161\u010ditno plast, ki ve\u017ee vlago, pomladi ko\u017eo, gladi gubice, izravnava napetost ko\u017ee in tako podari ko\u017ei opazno \u010dvrst in elasti\u010den videz. Gladi in meh\u010da ko\u017eo, pomirja, uravnote\u017ea. Tekstura ko\u017ee se z redno uporabo izbolj\u0161a.<\/p>\n<p>&nbsp;<\/p>","protected":false},"featured_media":551,"template":"","meta":[],"product_cat":[21],"product_tag":[],"class_list":["post-277","product","type-product","status-publish","has-post-thumbnail","hentry","product_cat-maske-za-obraz"],"_links":{"self":[{"href":"https:\/\/shop.lestetikalea.com\/hr\/wp-json\/wp\/v2\/product\/277","targetHints":{"allow":["GET"]}}],"collection":[{"href":"https:\/\/shop.lestetikalea.com\/hr\/wp-json\/wp\/v2\/product"}],"about":[{"href":"https:\/\/shop.lestetikalea.com\/hr\/wp-json\/wp\/v2\/types\/product"}],"wp:featuredmedia":[{"embeddable":true,"href":"https:\/\/shop.lestetikalea.com\/hr\/wp-json\/wp\/v2\/media\/551"}],"wp:attachment":[{"href":"https:\/\/shop.lestetikalea.com\/hr\/wp-json\/wp\/v2\/media?parent=277"}],"wp:term":[{"taxonomy":"product_cat","embeddable":true,"href":"https:\/\/shop.lestetikalea.com\/hr\/wp-json\/wp\/v2\/product_cat?post=277"},{"taxonomy":"product_tag","embeddable":true,"href":"https:\/\/shop.lestetikalea.com\/hr\/wp-json\/wp\/v2\/product_tag?post=277"}],"curies":[{"name":"wp","href":"https:\/\/api.w.org\/{rel}","templated":true}]}}