{"id":281,"date":"2021-08-30T07:55:33","date_gmt":"2021-08-30T05:55:33","guid":{"rendered":"https:\/\/shop.lestetikalea.com\/?post_type=product&#038;p=281"},"modified":"2025-02-06T13:34:50","modified_gmt":"2025-02-06T12:34:50","slug":"bdr-laser-effect-maska-4-kom","status":"publish","type":"product","link":"https:\/\/shop.lestetikalea.com\/hr\/bdr-kozmeticni-preparati-za-nego-koze\/maske-za-obraz\/bdr-laser-effect-maska-4-kom\/","title":{"rendered":"BDR Laser Effect maska &#8211; 4 kom."},"content":{"rendered":"<p><em><strong>Maska za obraz<\/strong><\/em><\/p>\n<p>Dragocene sestavine, kot so kolagen in ceramidi tvorijo intenzivno za\u0161\u010ditno plast, ki ve\u017ee vlago, pomladi ko\u017eo, gladi gubice, izravnava napetost ko\u017ee in tako podari ko\u017ei opazno \u010dvrst in elasti\u010den videz. Gladi in meh\u010da ko\u017eo, pomirja, uravnote\u017ea. Tekstura ko\u017ee se z redno uporabo izbolj\u0161a.<\/p>\n<p>&nbsp;<\/p>\n<p><em><strong>Uporaba<\/strong><\/em><\/p>\n<p>Nanesite 1-2 krat na teden na o\u010di\u0161\u010deno ko\u017eo. Odstranite po 25-30 minutah in vmasirajte teko\u010dino, ki po odstranitvi maske ostane na ko\u017ei.<\/p>","protected":false},"excerpt":{"rendered":"<p><em><strong>Maska za obraz<\/strong><\/em><\/p>\n<p>Dragocene sestavine, kot so kolagen in ceramidi tvorijo intenzivno za\u0161\u010ditno plast, ki ve\u017ee vlago, pomladi ko\u017eo, gladi gubice, izravnava napetost ko\u017ee in tako podari ko\u017ei opazno \u010dvrst in elasti\u010den videz. Gladi in meh\u010da ko\u017eo, pomirja, uravnote\u017ea. Tekstura ko\u017ee se z redno uporabo izbolj\u0161a.<\/p>","protected":false},"featured_media":822,"template":"","meta":[],"product_cat":[21],"product_tag":[],"class_list":["post-281","product","type-product","status-publish","has-post-thumbnail","hentry","product_cat-maske-za-obraz"],"_links":{"self":[{"href":"https:\/\/shop.lestetikalea.com\/hr\/wp-json\/wp\/v2\/product\/281","targetHints":{"allow":["GET"]}}],"collection":[{"href":"https:\/\/shop.lestetikalea.com\/hr\/wp-json\/wp\/v2\/product"}],"about":[{"href":"https:\/\/shop.lestetikalea.com\/hr\/wp-json\/wp\/v2\/types\/product"}],"wp:featuredmedia":[{"embeddable":true,"href":"https:\/\/shop.lestetikalea.com\/hr\/wp-json\/wp\/v2\/media\/822"}],"wp:attachment":[{"href":"https:\/\/shop.lestetikalea.com\/hr\/wp-json\/wp\/v2\/media?parent=281"}],"wp:term":[{"taxonomy":"product_cat","embeddable":true,"href":"https:\/\/shop.lestetikalea.com\/hr\/wp-json\/wp\/v2\/product_cat?post=281"},{"taxonomy":"product_tag","embeddable":true,"href":"https:\/\/shop.lestetikalea.com\/hr\/wp-json\/wp\/v2\/product_tag?post=281"}],"curies":[{"name":"wp","href":"https:\/\/api.w.org\/{rel}","templated":true}]}}