{"id":306,"date":"2021-09-06T10:01:14","date_gmt":"2021-09-06T08:01:14","guid":{"rendered":"https:\/\/shop.lestetikalea.com\/?post_type=product&#038;p=306"},"modified":"2023-02-21T13:26:46","modified_gmt":"2023-02-21T12:26:46","slug":"bdr-re-vital-krema-15-ml","status":"publish","type":"product","link":"https:\/\/shop.lestetikalea.com\/hr\/bdr-kozmeticni-preparati-za-nego-koze\/zascita-in-nega\/bdr-re-vital-krema-15-ml\/","title":{"rendered":"BDR Re-vital krema &#8211; 15 mL"},"content":{"rendered":"<p><em><strong>Dnevna in no\u010dna nega<\/strong><\/em><\/p>\n<p>Koncentriran, 24-urni visoko tehnolo\u0161ki preparat za nego suhe in me\u0161ane ko\u017ee. \u0160e posebej<br \/>\npriporo\u010dljivo za obmo\u010dje okoli o\u010di. Izbolj\u0161uje za\u0161\u010ditno funkcijo ko\u017ee. Nudi podporo hidrolipidnemu<br \/>\npla\u0161\u010du in skrbi za spro\u0161\u010den, mladostni\u0161ki izgled.<\/p>\n<p><em><strong>Uporaba<\/strong><\/em><\/p>\n<p>Nanesite zjutraj in zve\u010der po \u010di\u0161\u010denju.<\/p>","protected":false},"excerpt":{"rendered":"<p><em><strong>Dnevna in no\u010dna nega<\/strong><\/em><\/p>\n<p>Koncentriran, 24-urni visoko tehnolo\u0161ki preparat za nego suhe in me\u0161ane ko\u017ee. \u0160e posebej<br \/>\npriporo\u010dljivo za obmo\u010dje okoli o\u010di. Izbolj\u0161uje za\u0161\u010ditno funkcijo ko\u017ee. Nudi podporo hidrolipidnemu<br \/>\npla\u0161\u010du in skrbi za spro\u0161\u010den, mladostni\u0161ki izgled.<\/p>","protected":false},"featured_media":578,"template":"","meta":[],"product_cat":[20],"product_tag":[],"class_list":["post-306","product","type-product","status-publish","has-post-thumbnail","hentry","product_cat-zascita-in-nega"],"_links":{"self":[{"href":"https:\/\/shop.lestetikalea.com\/hr\/wp-json\/wp\/v2\/product\/306","targetHints":{"allow":["GET"]}}],"collection":[{"href":"https:\/\/shop.lestetikalea.com\/hr\/wp-json\/wp\/v2\/product"}],"about":[{"href":"https:\/\/shop.lestetikalea.com\/hr\/wp-json\/wp\/v2\/types\/product"}],"wp:featuredmedia":[{"embeddable":true,"href":"https:\/\/shop.lestetikalea.com\/hr\/wp-json\/wp\/v2\/media\/578"}],"wp:attachment":[{"href":"https:\/\/shop.lestetikalea.com\/hr\/wp-json\/wp\/v2\/media?parent=306"}],"wp:term":[{"taxonomy":"product_cat","embeddable":true,"href":"https:\/\/shop.lestetikalea.com\/hr\/wp-json\/wp\/v2\/product_cat?post=306"},{"taxonomy":"product_tag","embeddable":true,"href":"https:\/\/shop.lestetikalea.com\/hr\/wp-json\/wp\/v2\/product_tag?post=306"}],"curies":[{"name":"wp","href":"https:\/\/api.w.org\/{rel}","templated":true}]}}