{"id":311,"date":"2021-09-06T09:51:22","date_gmt":"2021-09-06T07:51:22","guid":{"rendered":"https:\/\/shop.lestetikalea.com\/?post_type=product&#038;p=311"},"modified":"2023-02-21T13:27:59","modified_gmt":"2023-02-21T12:27:59","slug":"bdr-re-lax-3-serum-10-ml","status":"publish","type":"product","link":"https:\/\/shop.lestetikalea.com\/hr\/bdr-kozmeticni-preparati-za-nego-koze\/resevanje-problemov\/bdr-re-lax-3-serum-10-ml\/","title":{"rendered":"BDR Re-lax 3 serum &#8211; 10 mL"},"content":{"rendered":"<p><em><strong>Dnevna nega<\/strong><\/em><\/p>\n<p>Inteligentni serum z uravnote\u017eeno kombinacijo edinstvenih, biotehnolo\u0161kih, visoko razvitih IDC-jev, ki<br \/>\nve\u010dplastno upo\u010dasnjujejo proces staranja ko\u017ee, pomembno zmanj\u0161ujejo pojave staranja in lahko<br \/>\naktivirajo procese zdravljenja ko\u017ee. Vsebovan tripeptid \u0161e posebej dobro deluje proti mimi\u010dnim<br \/>\ngubicam in potencira u\u010dinek zmanj\u0161evanja gubic, s \u010dimer je mogo\u010de dolgotrajno in u\u010dinkovito<br \/>\nupo\u010dasniti proces staranja ko\u017ee. Ekskluzivni nabor rastlinskih izvle\u010dkov \u0161\u010diti ko\u017eo pred prostimi radikali in<br \/>\nima antialergijski u\u010dinek, deluje pomirjujo\u010de in \u0161\u010diti pred vnetji. Regenerativni za\u0161\u010ditni sistem z anti-aging<br \/>\nlastnostmi, ki deluje na ve\u010d ravneh, prepozna vsakr\u0161no potrebo ko\u017ee in je tudi primeren za<br \/>\nvsako ko\u017eo, tudi za tisto z raz\u0161irjenimi \u017eilicami.<\/p>\n<p><em><strong>Uporaba<\/strong><\/em><\/p>\n<p>Nanesite zjutraj in zve\u010der po \u010di\u0161\u010denju ko\u017ee, za sve\u017e in sijo\u010d videz.<\/p>","protected":false},"excerpt":{"rendered":"<p><em><strong>Dnevna nega<\/strong><\/em><\/p>\n<p>Inteligentni serum z uravnote\u017eeno kombinacijo edinstvenih, biotehnolo\u0161kih, visoko razvitih IDC-jev, ki<br \/>\nve\u010dplastno upo\u010dasnjujejo proces staranja ko\u017ee, pomembno zmanj\u0161ujejo pojave staranja in lahko<br \/>\naktivirajo procese zdravljenja ko\u017ee.<\/p>","protected":false},"featured_media":574,"template":"","meta":[],"product_cat":[19],"product_tag":[],"class_list":["post-311","product","type-product","status-publish","has-post-thumbnail","hentry","product_cat-resevanje-problemov"],"_links":{"self":[{"href":"https:\/\/shop.lestetikalea.com\/hr\/wp-json\/wp\/v2\/product\/311","targetHints":{"allow":["GET"]}}],"collection":[{"href":"https:\/\/shop.lestetikalea.com\/hr\/wp-json\/wp\/v2\/product"}],"about":[{"href":"https:\/\/shop.lestetikalea.com\/hr\/wp-json\/wp\/v2\/types\/product"}],"wp:featuredmedia":[{"embeddable":true,"href":"https:\/\/shop.lestetikalea.com\/hr\/wp-json\/wp\/v2\/media\/574"}],"wp:attachment":[{"href":"https:\/\/shop.lestetikalea.com\/hr\/wp-json\/wp\/v2\/media?parent=311"}],"wp:term":[{"taxonomy":"product_cat","embeddable":true,"href":"https:\/\/shop.lestetikalea.com\/hr\/wp-json\/wp\/v2\/product_cat?post=311"},{"taxonomy":"product_tag","embeddable":true,"href":"https:\/\/shop.lestetikalea.com\/hr\/wp-json\/wp\/v2\/product_tag?post=311"}],"curies":[{"name":"wp","href":"https:\/\/api.w.org\/{rel}","templated":true}]}}