{"id":314,"date":"2021-09-06T09:49:01","date_gmt":"2021-09-06T07:49:01","guid":{"rendered":"https:\/\/shop.lestetikalea.com\/?post_type=product&#038;p=314"},"modified":"2023-02-21T13:31:33","modified_gmt":"2023-02-21T12:31:33","slug":"bdr-re-move-cistilno-mleko-30-ml","status":"publish","type":"product","link":"https:\/\/shop.lestetikalea.com\/hr\/bdr-kozmeticni-preparati-za-nego-koze\/ciscenje-koze\/bdr-re-move-cistilno-mleko-30-ml\/","title":{"rendered":"BDR Re-move \u010distilno mleko &#8211; 30 mL"},"content":{"rendered":"<p><strong>Dnevno \u010di\u0161\u010denje<\/strong><\/p>\n<p>\u010cistilno mleko na osnovi aloe vere je optimalno primerno za ob\u010dutljivo, suho in me\u0161ano ko\u017eo.<\/p>\n<p>&nbsp;<\/p>\n<p><strong>Priporo\u010dilo za nego<\/strong><\/p>\n<p>Zjutraj in zve\u010der nanesite 2-3 enote na suho ko\u017eo, vtrite in sperite z vodo.<\/p>","protected":false},"excerpt":{"rendered":"<p><em><strong>Dnevno \u010di\u0161\u010denje<\/strong><\/em><\/p>\n<p>\u010cistilno mleko na osnovi aloe vere je optimalno primerno za ob\u010dutljivo, suho in me\u0161ano ko\u017eo.<\/p>","protected":false},"featured_media":576,"template":"","meta":[],"product_cat":[16],"product_tag":[],"class_list":["post-314","product","type-product","status-publish","has-post-thumbnail","hentry","product_cat-ciscenje-koze"],"_links":{"self":[{"href":"https:\/\/shop.lestetikalea.com\/hr\/wp-json\/wp\/v2\/product\/314","targetHints":{"allow":["GET"]}}],"collection":[{"href":"https:\/\/shop.lestetikalea.com\/hr\/wp-json\/wp\/v2\/product"}],"about":[{"href":"https:\/\/shop.lestetikalea.com\/hr\/wp-json\/wp\/v2\/types\/product"}],"wp:featuredmedia":[{"embeddable":true,"href":"https:\/\/shop.lestetikalea.com\/hr\/wp-json\/wp\/v2\/media\/576"}],"wp:attachment":[{"href":"https:\/\/shop.lestetikalea.com\/hr\/wp-json\/wp\/v2\/media?parent=314"}],"wp:term":[{"taxonomy":"product_cat","embeddable":true,"href":"https:\/\/shop.lestetikalea.com\/hr\/wp-json\/wp\/v2\/product_cat?post=314"},{"taxonomy":"product_tag","embeddable":true,"href":"https:\/\/shop.lestetikalea.com\/hr\/wp-json\/wp\/v2\/product_tag?post=314"}],"curies":[{"name":"wp","href":"https:\/\/api.w.org\/{rel}","templated":true}]}}