{"id":414,"date":"2021-09-17T13:11:50","date_gmt":"2021-09-17T11:11:50","guid":{"rendered":"https:\/\/shop.lestetikalea.com\/?post_type=product&#038;p=414"},"modified":"2023-02-21T13:20:30","modified_gmt":"2023-02-21T12:20:30","slug":"bdr-keep-anti-aging-negovalna-krema-30-ml","status":"publish","type":"product","link":"https:\/\/shop.lestetikalea.com\/hr\/bdr-kozmeticni-preparati-za-nego-koze\/zascita-in-nega\/bdr-keep-anti-aging-negovalna-krema-30-ml\/","title":{"rendered":"BDR KEEP Anti-Aging negovalna krema 30 mL"},"content":{"rendered":"<p><em><strong>24 urna nega<\/strong><\/em><\/p>\n<p>Negovalna krema za predel okoli o\u010di z mo\u010dnim anti-aging efektom.<\/p>\n<p><strong><em>Uporaba<\/em><\/strong><\/p>\n<p>Zjutraj in zve\u010der po \u010di\u0161\u010denju ko\u017ee na tanko nanesite na predel okoli o\u010di.<\/p>\n<p>Primerno za vse tipe ko\u017ee. Priporo\u010da se predvsem pri mikropigmentirani in tetovirani ko\u017ei za ohranjanje linij in briljantne barve.<\/p>\n<p>&nbsp;<\/p>","protected":false},"excerpt":{"rendered":"<p><em><strong>24 urna nega<\/strong><\/em><\/p>\n<p>Negovalna krema za predel okoli o\u010di z mo\u010dnim anti-aging efektom.<\/p>","protected":false},"featured_media":424,"template":"","meta":[],"product_cat":[20],"product_tag":[],"class_list":["post-414","product","type-product","status-publish","has-post-thumbnail","hentry","product_cat-zascita-in-nega"],"_links":{"self":[{"href":"https:\/\/shop.lestetikalea.com\/hr\/wp-json\/wp\/v2\/product\/414","targetHints":{"allow":["GET"]}}],"collection":[{"href":"https:\/\/shop.lestetikalea.com\/hr\/wp-json\/wp\/v2\/product"}],"about":[{"href":"https:\/\/shop.lestetikalea.com\/hr\/wp-json\/wp\/v2\/types\/product"}],"wp:featuredmedia":[{"embeddable":true,"href":"https:\/\/shop.lestetikalea.com\/hr\/wp-json\/wp\/v2\/media\/424"}],"wp:attachment":[{"href":"https:\/\/shop.lestetikalea.com\/hr\/wp-json\/wp\/v2\/media?parent=414"}],"wp:term":[{"taxonomy":"product_cat","embeddable":true,"href":"https:\/\/shop.lestetikalea.com\/hr\/wp-json\/wp\/v2\/product_cat?post=414"},{"taxonomy":"product_tag","embeddable":true,"href":"https:\/\/shop.lestetikalea.com\/hr\/wp-json\/wp\/v2\/product_tag?post=414"}],"curies":[{"name":"wp","href":"https:\/\/api.w.org\/{rel}","templated":true}]}}