{"id":415,"date":"2021-09-17T13:11:11","date_gmt":"2021-09-17T11:11:11","guid":{"rendered":"https:\/\/shop.lestetikalea.com\/?post_type=product&#038;p=415"},"modified":"2023-02-21T13:20:56","modified_gmt":"2023-02-21T12:20:56","slug":"bdr-wash-deep-cleansing-koncentrat-30-ml","status":"publish","type":"product","link":"https:\/\/shop.lestetikalea.com\/hr\/bdr-kozmeticni-preparati-za-nego-koze\/ciscenje-koze\/bdr-wash-deep-cleansing-koncentrat-30-ml\/","title":{"rendered":"BDR WASH Deep Cleansing koncentrat 30 mL"},"content":{"rendered":"<p><em><strong>\u010ci\u0161\u010denje<\/strong><\/em><\/p>\n<p>\u010cistilni koncentrat za ob\u010dutljivo, ne\u010disto in pigmentirano ko\u017eo.<\/p>\n<p><em><strong>Uporaba<\/strong><\/em><\/p>\n<p>V dlani zme\u0161ajte eno pumpico koncentrata z manj\u0161o koli\u010dino vode in o\u010distite obraz ali pigmentiran predel ko\u017ee. Sperite z vodo.<\/p>\n<p>Uporabljajte zjutraj in zve\u010der.<\/p>","protected":false},"excerpt":{"rendered":"<p><em><strong>\u010ci\u0161\u010denje<\/strong><\/em><\/p>\n<p>\u010cistilni koncentrat za ob\u010dutljivo, ne\u010disto in pigmentirano ko\u017eo.<\/p>","protected":false},"featured_media":423,"template":"","meta":[],"product_cat":[16],"product_tag":[],"class_list":["post-415","product","type-product","status-publish","has-post-thumbnail","hentry","product_cat-ciscenje-koze"],"_links":{"self":[{"href":"https:\/\/shop.lestetikalea.com\/hr\/wp-json\/wp\/v2\/product\/415","targetHints":{"allow":["GET"]}}],"collection":[{"href":"https:\/\/shop.lestetikalea.com\/hr\/wp-json\/wp\/v2\/product"}],"about":[{"href":"https:\/\/shop.lestetikalea.com\/hr\/wp-json\/wp\/v2\/types\/product"}],"wp:featuredmedia":[{"embeddable":true,"href":"https:\/\/shop.lestetikalea.com\/hr\/wp-json\/wp\/v2\/media\/423"}],"wp:attachment":[{"href":"https:\/\/shop.lestetikalea.com\/hr\/wp-json\/wp\/v2\/media?parent=415"}],"wp:term":[{"taxonomy":"product_cat","embeddable":true,"href":"https:\/\/shop.lestetikalea.com\/hr\/wp-json\/wp\/v2\/product_cat?post=415"},{"taxonomy":"product_tag","embeddable":true,"href":"https:\/\/shop.lestetikalea.com\/hr\/wp-json\/wp\/v2\/product_tag?post=415"}],"curies":[{"name":"wp","href":"https:\/\/api.w.org\/{rel}","templated":true}]}}