{"id":440,"date":"2021-11-02T11:56:01","date_gmt":"2021-11-02T10:56:01","guid":{"rendered":"https:\/\/shop.lestetikalea.com\/?post_type=product&#038;p=440"},"modified":"2025-02-06T13:34:04","modified_gmt":"2025-02-06T12:34:04","slug":"bdr-re-fresh-maske-za-obraz-5-kom","status":"publish","type":"product","link":"https:\/\/shop.lestetikalea.com\/hr\/bdr-kozmeticni-preparati-za-nego-koze\/maske-za-obraz\/bdr-re-fresh-maske-za-obraz-5-kom\/","title":{"rendered":"BDR Re-fresh maske za obraz &#8211; 5 kom."},"content":{"rendered":"<p><em><strong>Maske za lice<\/strong><\/em><\/p>\n<p>Gelna maska bdr poskrbi za prav posebno dolgoro\u010dno do\u017eivetje nege. Edinstvena konsistenca hladi in pomirja, medtem ko oddaja izbrane in izredno u\u010dinkovite u\u010dinkovine. Koencim Q10 upo\u010dasnjuje staranje ko\u017ee in skupaj s celi\u010dnim spodbujevalcem EGF zagotavlja dolgotrajno gladko in obnovljeno ko\u017eo. Kolagen, alantoin in hialuron intenzivno vla\u017eijo ko\u017eo in ji povrnejo sijaj.<\/p>\n<p>&nbsp;<\/p>\n<p><em><strong>Uporaba<\/strong><\/em><\/p>\n<p>Nanesite na o\u010di\u0161\u010deno ko\u017eo in pustite u\u010dinkovati 10\u201315 minut. Nato samo odstranite, ne sperete. Izdelek je namenjen enkratni uporabi.<\/p>","protected":false},"excerpt":{"rendered":"<p>Maske za obraz Gelna maska bdr poskrbi za prav posebno dolgoro\u010dno do\u017eivetje nege. Edinstvena konsistenca hladi in pomirja, medtem ko oddaja izbrane in izredno u\u010dinkovite u\u010dinkovine. Koencim Q10 upo\u010dasnjuje staranje ko\u017ee in skupaj s celi\u010dnim spodbujevalcem EGF zagotavlja dolgotrajno gladko in obnovljeno ko\u017eo. Kolagen, alantoin in hialuron intenzivno vla\u017eijo ko\u017eo in ji povrnejo sijaj. &nbsp; &#8230; <a title=\"BDR Re-fresh maske za obraz &#8211; 5 kom.\" class=\"read-more\" href=\"https:\/\/shop.lestetikalea.com\/hr\/bdr-kozmeticni-preparati-za-nego-koze\/maske-za-obraz\/bdr-re-fresh-maske-za-obraz-5-kom\/\" aria-label=\"More on BDR Re-fresh maske za obraz &#8211; 5 kom.\">Op\u0161irnije<\/a><\/p>","protected":false},"featured_media":826,"template":"","meta":[],"product_cat":[21],"product_tag":[],"class_list":["post-440","product","type-product","status-publish","has-post-thumbnail","hentry","product_cat-maske-za-obraz"],"_links":{"self":[{"href":"https:\/\/shop.lestetikalea.com\/hr\/wp-json\/wp\/v2\/product\/440","targetHints":{"allow":["GET"]}}],"collection":[{"href":"https:\/\/shop.lestetikalea.com\/hr\/wp-json\/wp\/v2\/product"}],"about":[{"href":"https:\/\/shop.lestetikalea.com\/hr\/wp-json\/wp\/v2\/types\/product"}],"wp:featuredmedia":[{"embeddable":true,"href":"https:\/\/shop.lestetikalea.com\/hr\/wp-json\/wp\/v2\/media\/826"}],"wp:attachment":[{"href":"https:\/\/shop.lestetikalea.com\/hr\/wp-json\/wp\/v2\/media?parent=440"}],"wp:term":[{"taxonomy":"product_cat","embeddable":true,"href":"https:\/\/shop.lestetikalea.com\/hr\/wp-json\/wp\/v2\/product_cat?post=440"},{"taxonomy":"product_tag","embeddable":true,"href":"https:\/\/shop.lestetikalea.com\/hr\/wp-json\/wp\/v2\/product_tag?post=440"}],"curies":[{"name":"wp","href":"https:\/\/api.w.org\/{rel}","templated":true}]}}