{"id":479,"date":"2022-03-10T12:47:05","date_gmt":"2022-03-10T11:47:05","guid":{"rendered":"https:\/\/shop.lestetikalea.com\/?post_type=product&#038;p=479"},"modified":"2025-02-04T12:36:18","modified_gmt":"2025-02-04T11:36:18","slug":"bdr-re-action-ph-kislinski-piling-30-ml","status":"publish","type":"product","link":"https:\/\/shop.lestetikalea.com\/hr\/bdr-kozmeticni-preparati-za-nego-koze\/priprava-koze\/bdr-re-action-ph-kislinski-piling-30-ml\/","title":{"rendered":"BDR Re-action PH kislinski piling &#8211; 30 mL"},"content":{"rendered":"<p><em><strong>Tedenska nega- piling<\/strong><\/em><\/p>\n<p>15 % mandljeve kisline v kombinaciji s 5 % jantarne kisline naredijo peeling AHA Re-action PH s sadnimi kislinami nepogre\u0161ljivega v primeru zelo ne\u010diste, mastne ko\u017ee. Naravni antibioti\u010dni u\u010dinek mandljeve kisline se u\u010dinkovito bori proti ne\u010disti ko\u017ei in trajno raztaplja usedline loja. Protivnetni u\u010dinek jantarne kisline podpira proces obnove ko\u017ee.<\/p>\n<p>Prednosti redne uporabe so:<\/p>\n<p>-Intenzivno \u010di\u0161\u010denje ko\u017ee z globokimi porami<\/p>\n<p>-\u010ci\u0161\u010denje tudi zelo ne\u010diste ko\u017ee<\/p>\n<p>-Zmanj\u0161evanje vnetij<\/p>\n<p>-Zmanj\u0161evanje pritiska v usedlinah in vnetih pustulah<\/p>\n<p><em><b>Uporaba<\/b>:<\/em><\/p>\n<p>Nanesite 1\u20132x na teden, pri \u010demer se izogibajte o\u010dem in sluznicam. Po 10\u201315 minutah u\u010dinkovanja odstranite z vodo. Pomembno: po uporabi bodite pozorni na zadostno za\u0161\u010dito pred soncem, priporo\u010damo Bdr Re-flect.<\/p>\n<p>&nbsp;<\/p>","protected":false},"excerpt":{"rendered":"<p><em><strong>Tedenska nega- piling<\/strong><\/em><\/p>\n<p>Re-action PH s sadnimi kislinami je nepogre\u0161ljivega pomena v primeru zelo ne\u010diste, mastne ko\u017ee. Naravni antibioti\u010dni u\u010dinek mandljeve kisline se u\u010dinkovito bori proti ne\u010disti ko\u017ei in trajno raztaplja usedline loja. Protivnetni u\u010dinek jantarne kisline podpira proces obnove ko\u017ee.<\/p>\n<p>&nbsp;<\/p>","protected":false},"featured_media":562,"template":"","meta":[],"product_cat":[17],"product_tag":[],"class_list":["post-479","product","type-product","status-publish","has-post-thumbnail","hentry","product_cat-priprava-koze"],"_links":{"self":[{"href":"https:\/\/shop.lestetikalea.com\/hr\/wp-json\/wp\/v2\/product\/479","targetHints":{"allow":["GET"]}}],"collection":[{"href":"https:\/\/shop.lestetikalea.com\/hr\/wp-json\/wp\/v2\/product"}],"about":[{"href":"https:\/\/shop.lestetikalea.com\/hr\/wp-json\/wp\/v2\/types\/product"}],"wp:featuredmedia":[{"embeddable":true,"href":"https:\/\/shop.lestetikalea.com\/hr\/wp-json\/wp\/v2\/media\/562"}],"wp:attachment":[{"href":"https:\/\/shop.lestetikalea.com\/hr\/wp-json\/wp\/v2\/media?parent=479"}],"wp:term":[{"taxonomy":"product_cat","embeddable":true,"href":"https:\/\/shop.lestetikalea.com\/hr\/wp-json\/wp\/v2\/product_cat?post=479"},{"taxonomy":"product_tag","embeddable":true,"href":"https:\/\/shop.lestetikalea.com\/hr\/wp-json\/wp\/v2\/product_tag?post=479"}],"curies":[{"name":"wp","href":"https:\/\/api.w.org\/{rel}","templated":true}]}}