{"id":482,"date":"2022-03-10T12:51:48","date_gmt":"2022-03-10T11:51:48","guid":{"rendered":"https:\/\/shop.lestetikalea.com\/?post_type=product&#038;p=482"},"modified":"2025-02-04T12:35:42","modified_gmt":"2025-02-04T11:35:42","slug":"bdr-re-action-control-kislinski-piling-30-ml","status":"publish","type":"product","link":"https:\/\/shop.lestetikalea.com\/hr\/bdr-kozmeticni-preparati-za-nego-koze\/priprava-koze\/bdr-re-action-control-kislinski-piling-30-ml\/","title":{"rendered":"BDR Re-action control kislinski piling &#8211; 30 mL"},"content":{"rendered":"<p><em><strong>Tedenska nega- piling<\/strong><\/em><\/p>\n<p>Re-action control ne\u017eno odstranjuje nakopi\u010dene odpadne celice. Hkrati deluje kot magnet za vodo, ki privla\u010di vlago in jo prena\u0161a globlje v ko\u017eo za viden in opazen pretok vlage. Re-action control je primeren za vsako ko\u017eo, ki potrebuje dodatno vlago, in je \u0161e posebej priporo\u010dljiv v primeru kuperoze do akutne rozacee in preob\u010dutljive ko\u017ee, ki ne prena\u0161a AHA\/BHA ali drugih peelingov.<\/p>\n<p>Prednosti redne uporabe so:<\/p>\n<p>-ne\u017een, a u\u010dinkovit peeling ko\u017ee<\/p>\n<p>-zelo visoka podpora hidracij za vsako ko\u017eo<\/p>\n<p>-pomiritev razdra\u017eene, preobremenjene ko\u017ee<\/p>\n<p>-laj\u0161a \u201eizgorevanje\u201c ko\u017ee<\/p>\n<p><b><em>Uporaba:<\/em> <\/b><\/p>\n<p>Nanesite 1\u20132x na teden, pri \u010demer se izogibajte o\u010dem in sluznicam. Po 10\u201315 minutah u\u010dinkovanja odstranite z vodo. Pomembno: po uporabi bodite pozorni na zadostno za\u0161\u010dito pred soncem, priporo\u010damo bdr Re-flect.<\/p>\n<p>&nbsp;<\/p>","protected":false},"excerpt":{"rendered":"<p><em><strong>Tedenska nega- piling<\/strong><\/em><\/p>\n<p>Re-action control ne\u017eno odstranjuje nakopi\u010dene odpadne celice. Hkrati deluje kot magnet za vodo, ki privla\u010di vlago in jo prena\u0161a globlje v ko\u017eo za viden in opazen pretok vlage. Primeren je za vsak tio ko\u017ee.<\/p>\n<p>&nbsp;<\/p>\n<p>&nbsp;<\/p>","protected":false},"featured_media":557,"template":"","meta":[],"product_cat":[17],"product_tag":[],"class_list":["post-482","product","type-product","status-publish","has-post-thumbnail","hentry","product_cat-priprava-koze"],"_links":{"self":[{"href":"https:\/\/shop.lestetikalea.com\/hr\/wp-json\/wp\/v2\/product\/482","targetHints":{"allow":["GET"]}}],"collection":[{"href":"https:\/\/shop.lestetikalea.com\/hr\/wp-json\/wp\/v2\/product"}],"about":[{"href":"https:\/\/shop.lestetikalea.com\/hr\/wp-json\/wp\/v2\/types\/product"}],"wp:featuredmedia":[{"embeddable":true,"href":"https:\/\/shop.lestetikalea.com\/hr\/wp-json\/wp\/v2\/media\/557"}],"wp:attachment":[{"href":"https:\/\/shop.lestetikalea.com\/hr\/wp-json\/wp\/v2\/media?parent=482"}],"wp:term":[{"taxonomy":"product_cat","embeddable":true,"href":"https:\/\/shop.lestetikalea.com\/hr\/wp-json\/wp\/v2\/product_cat?post=482"},{"taxonomy":"product_tag","embeddable":true,"href":"https:\/\/shop.lestetikalea.com\/hr\/wp-json\/wp\/v2\/product_tag?post=482"}],"curies":[{"name":"wp","href":"https:\/\/api.w.org\/{rel}","templated":true}]}}