{"id":513,"date":"2022-10-18T12:35:12","date_gmt":"2022-10-18T10:35:12","guid":{"rendered":"https:\/\/shop.lestetikalea.com\/?post_type=product&#038;p=513"},"modified":"2024-05-22T18:48:29","modified_gmt":"2024-05-22T16:48:29","slug":"bdr-re-charge-sun-serum-10ml","status":"publish","type":"product","link":"https:\/\/shop.lestetikalea.com\/hr\/bdr-kozmeticni-preparati-za-nego-koze\/vlazenje\/bdr-re-charge-sun-serum-10ml\/","title":{"rendered":"BDR Re-charge sun serum &#8211; 10mL"},"content":{"rendered":"<p><em><strong>Dnevna nega<\/strong><\/em><\/p>\n<p>Nov hialuronski serum s trojnim u\u010dinkom: trajno vla\u017eenje, UV za\u0161\u010dita in kompleks za obnovo fotostaranja. Hialuronska kislina z velikimi in majhnimi molekulami ter betain zagotavljajo ko\u017ei nujno potrebno vlago. Ko\u017ea je ve\u010d ur za\u0161\u010ditena pred UV-A in UV-B \u017earki. Probioti\u010dni obnovitveni kompleks izbolj\u0161a celi\u010dne mehanizme za obnovo. Serum je izjemno lahek, se takoj vpije, na ko\u017ei pusti \u017eametno sve\u017eino.<\/p>\n<p><em><strong>Uporaba<\/strong><\/em>:<\/p>\n<p>Zjutraj nanesite na obraz, vrat in dekolte. Po potrebi serum po 3-4 urah ponovno nanesite.<\/p>","protected":false},"excerpt":{"rendered":"<p><em><strong>Dnevna nega<\/strong><\/em><\/p>\n<p>Nov hialuronski serum s trojnim u\u010dinkom: trajno vla\u017eenje, UV za\u0161\u010dita in kompleks za obnovo fotostaranja. Hialuronska kislina z velikimi in majhnimi molekulami ter betain zagotavljajo ko\u017ei nujno potrebno vlago. Ko\u017ea je ve\u010d ur za\u0161\u010ditena pred UV-A in UV-B \u017earki. Probioti\u010dni obnovitveni kompleks izbolj\u0161a celi\u010dne mehanizme za obnovo. Serum je izjemno lahek, se takoj vpije, na ko\u017ei pusti \u017eametno sve\u017eino.<\/p>","protected":false},"featured_media":548,"template":"","meta":[],"product_cat":[18],"product_tag":[],"class_list":["post-513","product","type-product","status-publish","has-post-thumbnail","hentry","product_cat-vlazenje"],"_links":{"self":[{"href":"https:\/\/shop.lestetikalea.com\/hr\/wp-json\/wp\/v2\/product\/513","targetHints":{"allow":["GET"]}}],"collection":[{"href":"https:\/\/shop.lestetikalea.com\/hr\/wp-json\/wp\/v2\/product"}],"about":[{"href":"https:\/\/shop.lestetikalea.com\/hr\/wp-json\/wp\/v2\/types\/product"}],"wp:featuredmedia":[{"embeddable":true,"href":"https:\/\/shop.lestetikalea.com\/hr\/wp-json\/wp\/v2\/media\/548"}],"wp:attachment":[{"href":"https:\/\/shop.lestetikalea.com\/hr\/wp-json\/wp\/v2\/media?parent=513"}],"wp:term":[{"taxonomy":"product_cat","embeddable":true,"href":"https:\/\/shop.lestetikalea.com\/hr\/wp-json\/wp\/v2\/product_cat?post=513"},{"taxonomy":"product_tag","embeddable":true,"href":"https:\/\/shop.lestetikalea.com\/hr\/wp-json\/wp\/v2\/product_tag?post=513"}],"curies":[{"name":"wp","href":"https:\/\/api.w.org\/{rel}","templated":true}]}}