{"id":528,"date":"2022-10-18T14:14:54","date_gmt":"2022-10-18T12:14:54","guid":{"rendered":"https:\/\/shop.lestetikalea.com\/?post_type=product&#038;p=528"},"modified":"2025-02-04T12:34:43","modified_gmt":"2025-02-04T11:34:43","slug":"bdr-re-flect-krema-z-zascitnim-faktorjem-spf-30-15-ml","status":"publish","type":"product","link":"https:\/\/shop.lestetikalea.com\/hr\/bdr-kozmeticni-preparati-za-nego-koze\/zascita-in-nega\/bdr-re-flect-krema-z-zascitnim-faktorjem-spf-30-15-ml\/","title":{"rendered":"BDR Re-flect krema z za\u0161\u010ditnim faktorjem (SPF 30) &#8211; 15 mL"},"content":{"rendered":"<p><em><strong>Dnevna nega<\/strong><\/em><\/p>\n<p>Nemastna, visoka negovalna za\u0161\u010dita pred soncem s kemi\u010dnim in mineralnim UV-filtrom, primerna za<br \/>\nvsak tip ko\u017ee. Vsebovan biomimeti\u010dni lipopeptid deluje protivnetno, antibakterijsko, pomirjujo\u010de in<br \/>\npomaga proti oteklinam.<\/p>\n<p>\u0160\u010diti ko\u017eo pred UVA in UVB sevanjem s kemi\u010dnim in mineralnim UV-filtrom in tako<br \/>\nhkrati zaustavlja znake pred\u010dasnega staranja ko\u017ee.<\/p>\n<p><em><strong>Uporaba<\/strong><\/em><\/p>\n<p>Po potrebi nanesite na obraz in dekolte po nanosu seruma bdr ali kot zaklju\u010dni sloj po<br \/>\ntretmaju.<\/p>","protected":false},"excerpt":{"rendered":"<p><em><strong>Dnevna nega<\/strong><\/em><\/p>\n<p>Nemastna, visoka negovalna za\u0161\u010dita pred soncem s kemi\u010dnim in mineralnim UV-filtrom, primerna za<br \/>\nvsak tip ko\u017ee. Vsebovan biomimeti\u010dni lipopeptid deluje protivnetno, antibakterijsko, pomirjujo\u010de in<br \/>\npomaga proti oteklinam.<\/p>","protected":false},"featured_media":545,"template":"","meta":[],"product_cat":[20],"product_tag":[],"class_list":["post-528","product","type-product","status-publish","has-post-thumbnail","hentry","product_cat-zascita-in-nega"],"_links":{"self":[{"href":"https:\/\/shop.lestetikalea.com\/hr\/wp-json\/wp\/v2\/product\/528","targetHints":{"allow":["GET"]}}],"collection":[{"href":"https:\/\/shop.lestetikalea.com\/hr\/wp-json\/wp\/v2\/product"}],"about":[{"href":"https:\/\/shop.lestetikalea.com\/hr\/wp-json\/wp\/v2\/types\/product"}],"wp:featuredmedia":[{"embeddable":true,"href":"https:\/\/shop.lestetikalea.com\/hr\/wp-json\/wp\/v2\/media\/545"}],"wp:attachment":[{"href":"https:\/\/shop.lestetikalea.com\/hr\/wp-json\/wp\/v2\/media?parent=528"}],"wp:term":[{"taxonomy":"product_cat","embeddable":true,"href":"https:\/\/shop.lestetikalea.com\/hr\/wp-json\/wp\/v2\/product_cat?post=528"},{"taxonomy":"product_tag","embeddable":true,"href":"https:\/\/shop.lestetikalea.com\/hr\/wp-json\/wp\/v2\/product_tag?post=528"}],"curies":[{"name":"wp","href":"https:\/\/api.w.org\/{rel}","templated":true}]}}