{"id":600,"date":"2022-11-09T13:16:03","date_gmt":"2022-11-09T12:16:03","guid":{"rendered":"https:\/\/shop.lestetikalea.com\/?post_type=product&#038;p=600"},"modified":"2025-02-04T12:33:39","modified_gmt":"2025-02-04T11:33:39","slug":"bdr-brilliant-ep-posvetlitveni-serum-30ml","status":"publish","type":"product","link":"https:\/\/shop.lestetikalea.com\/hr\/bdr-kozmeticni-preparati-za-nego-koze\/resevanje-problemov\/bdr-brilliant-ep-posvetlitveni-serum-30ml\/","title":{"rendered":"BDR Brilliant EP posvetlitveni serum &#8211; 30mL"},"content":{"rendered":"<p><em><strong>Dnevna uporaba\u00a0 \u00a0 \u00a0 \u00a0 \u00a0 \u00a0 \u00a0 \u00a0 \u00a0 \u00a0 \u00a0 \u00a0 \u00a0 \u00a0 \u00a0 \u00a0 \u00a0 \u00a0 \u00a0 \u00a0 \u00a0 \u00a0 \u00a0 \u00a0 \u00a0 \u00a0 \u00a0 \u00a0 \u00a0 \u00a0 \u00a0 \u00a0 \u00a0 \u00a0 \u00a0 \u00a0 \u00a0 \u00a0 \u00a0 \u00a0 \u00a0 \u00a0 \u00a0 \u00a0 \u00a0 \u00a0 \u00a0 \u00a0 \u00a0 \u00a0 \u00a0 \u00a0 \u00a0 \u00a0 \u00a0 \u00a0 \u00a0 \u00a0 \u00a0 \u00a0 \u00a0 \u00a0 \u00a0 \u00a0 \u00a0 \u00a0 \u00a0 \u00a0 \u00a0 \u00a0 \u00a0 \u00a0 \u00a0 \u00a0 \u00a0 \u00a0 \u00a0 \u00a0 \u00a0 \u00a0 \u00a0 \u00a0 \u00a0 \u00a0 \u00a0 \u00a0 \u00a0<\/strong><\/em><\/p>\n<p>Serum, ki izena\u010di ten ko\u017ee, poskrbi za izginotje starostnih peg in pigmentnih made\u017eev. Popravi po\u0161kodbe zaradi UV-\u017earkov, zmanj\u0161uje rde\u010dico in spodbuja celjenje ko\u017ee. Ko\u017ea je po uporabi seruma bolj elasti\u010dna. Vonj: japonska \u010de\u0161nja in beli \u010daj.<\/p>\n<p><em><strong>Uporaba<\/strong><\/em>: Nanesite zjutraj in zve\u010der po \u010di\u0161\u010denju.<\/p>","protected":false},"excerpt":{"rendered":"<p><em><strong>Dnevna uporaba\u00a0 \u00a0 \u00a0 \u00a0 \u00a0 \u00a0 \u00a0 \u00a0 \u00a0 \u00a0 \u00a0 \u00a0 \u00a0 \u00a0 \u00a0 \u00a0 \u00a0 \u00a0 \u00a0 \u00a0 \u00a0 \u00a0 \u00a0 \u00a0 \u00a0 \u00a0 \u00a0 \u00a0 \u00a0 \u00a0 \u00a0 \u00a0 \u00a0 \u00a0 \u00a0 \u00a0 \u00a0 \u00a0 \u00a0 \u00a0 \u00a0 \u00a0 \u00a0 \u00a0 \u00a0 \u00a0 \u00a0 \u00a0 \u00a0 \u00a0 \u00a0 \u00a0 \u00a0 \u00a0 \u00a0 \u00a0 \u00a0 \u00a0 \u00a0 \u00a0 \u00a0 \u00a0 \u00a0 \u00a0 \u00a0 \u00a0 \u00a0 \u00a0 \u00a0 \u00a0 \u00a0 \u00a0 \u00a0 \u00a0 \u00a0 \u00a0 \u00a0 \u00a0 \u00a0 \u00a0 \u00a0 \u00a0 \u00a0 \u00a0 \u00a0 \u00a0 \u00a0<\/strong><\/em><\/p>\n<p>Serum, ki izena\u010di ten ko\u017ee, poskrbi za izginotje starostnih peg in pigmentnih made\u017eev. Popravi po\u0161kodbe zaradi UV-\u017earkov, zmanj\u0161uje rde\u010dico in spodbuja celjenje ko\u017ee. Ko\u017ea je po uporabi seruma bolj elasti\u010dna. Vonj: japonska \u010de\u0161nja in beli \u010daj.<\/p>\n<p>&nbsp;<\/p>","protected":false},"featured_media":606,"template":"","meta":[],"product_cat":[19],"product_tag":[],"class_list":["post-600","product","type-product","status-publish","has-post-thumbnail","hentry","product_cat-resevanje-problemov"],"_links":{"self":[{"href":"https:\/\/shop.lestetikalea.com\/hr\/wp-json\/wp\/v2\/product\/600","targetHints":{"allow":["GET"]}}],"collection":[{"href":"https:\/\/shop.lestetikalea.com\/hr\/wp-json\/wp\/v2\/product"}],"about":[{"href":"https:\/\/shop.lestetikalea.com\/hr\/wp-json\/wp\/v2\/types\/product"}],"wp:featuredmedia":[{"embeddable":true,"href":"https:\/\/shop.lestetikalea.com\/hr\/wp-json\/wp\/v2\/media\/606"}],"wp:attachment":[{"href":"https:\/\/shop.lestetikalea.com\/hr\/wp-json\/wp\/v2\/media?parent=600"}],"wp:term":[{"taxonomy":"product_cat","embeddable":true,"href":"https:\/\/shop.lestetikalea.com\/hr\/wp-json\/wp\/v2\/product_cat?post=600"},{"taxonomy":"product_tag","embeddable":true,"href":"https:\/\/shop.lestetikalea.com\/hr\/wp-json\/wp\/v2\/product_tag?post=600"}],"curies":[{"name":"wp","href":"https:\/\/api.w.org\/{rel}","templated":true}]}}