{"id":607,"date":"2022-11-09T13:18:25","date_gmt":"2022-11-09T12:18:25","guid":{"rendered":"https:\/\/shop.lestetikalea.com\/?post_type=product&#038;p=607"},"modified":"2026-03-11T11:52:47","modified_gmt":"2026-03-11T10:52:47","slug":"bdr-re-vital-ep-posvetlitvena-krema-50ml","status":"publish","type":"product","link":"https:\/\/shop.lestetikalea.com\/hr\/bdr-kozmeticni-preparati-za-nego-koze\/zascita-in-nega\/bdr-re-vital-ep-posvetlitvena-krema-50ml\/","title":{"rendered":"BDR Re-vital EP posvetlitvena krema &#8211; 50mL"},"content":{"rendered":"<p><em><strong>Dnevna uporaba<\/strong><\/em><\/p>\n<p>Krema, ki izbolj\u0161a \u010dvrstost in sijaj ko\u017ee. Zmanj\u0161uje starostne pege, pigmentne made\u017ee in poenoti ten ko\u017ee. Krema se lahko vpije in ne pu\u0161\u010da belih sledi. Vonj: cvetovi japonske \u010de\u0161nje in beli \u010daj.<\/p>\n<p><em><strong>Uporaba:<\/strong> <\/em>Nanesite zjutraj in zve\u010der po uporabi seruma.<\/p>","protected":false},"excerpt":{"rendered":"<p><em><strong>Dnevna uporaba<\/strong><\/em><\/p>\n<p>Krema, ki izbolj\u0161a \u010dvrstost in sijaj ko\u017ee. Zmanj\u0161uje starostne pege, pigmentne made\u017ee in poenoti ten ko\u017ee. Krema se lahko vpije in ne pu\u0161\u010da belih sledi. Vonj: cvetovi japonske \u010de\u0161nje in beli \u010daj.<\/p>","protected":false},"featured_media":602,"template":"","meta":[],"product_cat":[20],"product_tag":[],"class_list":["post-607","product","type-product","status-publish","has-post-thumbnail","hentry","product_cat-zascita-in-nega"],"_links":{"self":[{"href":"https:\/\/shop.lestetikalea.com\/hr\/wp-json\/wp\/v2\/product\/607","targetHints":{"allow":["GET"]}}],"collection":[{"href":"https:\/\/shop.lestetikalea.com\/hr\/wp-json\/wp\/v2\/product"}],"about":[{"href":"https:\/\/shop.lestetikalea.com\/hr\/wp-json\/wp\/v2\/types\/product"}],"wp:featuredmedia":[{"embeddable":true,"href":"https:\/\/shop.lestetikalea.com\/hr\/wp-json\/wp\/v2\/media\/602"}],"wp:attachment":[{"href":"https:\/\/shop.lestetikalea.com\/hr\/wp-json\/wp\/v2\/media?parent=607"}],"wp:term":[{"taxonomy":"product_cat","embeddable":true,"href":"https:\/\/shop.lestetikalea.com\/hr\/wp-json\/wp\/v2\/product_cat?post=607"},{"taxonomy":"product_tag","embeddable":true,"href":"https:\/\/shop.lestetikalea.com\/hr\/wp-json\/wp\/v2\/product_tag?post=607"}],"curies":[{"name":"wp","href":"https:\/\/api.w.org\/{rel}","templated":true}]}}