{"id":626,"date":"2023-02-21T14:00:06","date_gmt":"2023-02-21T13:00:06","guid":{"rendered":"https:\/\/shop.lestetikalea.com\/?post_type=product&#038;p=626"},"modified":"2025-02-04T12:33:08","modified_gmt":"2025-02-04T11:33:08","slug":"bdr-re-vital-ep-posvetlitvena-krema-15ml","status":"publish","type":"product","link":"https:\/\/shop.lestetikalea.com\/hr\/bdr-kozmeticni-preparati-za-nego-koze\/zascita-in-nega\/bdr-re-vital-ep-posvetlitvena-krema-15ml\/","title":{"rendered":"BDR Re-vital EP posvetlitvena krema &#8211; 15mL"},"content":{"rendered":"<p><em><strong>Dnevna uporaba<\/strong><\/em><\/p>\n<p>Krema, ki izbolj\u0161a \u010dvrstost in sijaj ko\u017ee. Zmanj\u0161uje starostne pege, pigmentne made\u017ee in poenoti ten ko\u017ee. Krema se lahko vpije in ne pu\u0161\u010da belih sledi. Vonj: cvetovi japonske \u010de\u0161nje in beli \u010daj.<\/p>\n<p><em><strong>Uporaba:<\/strong> <\/em>Nanesite zjutraj in zve\u010der po uporabi seruma.<\/p>","protected":false},"excerpt":{"rendered":"<p><em><strong>Dnevna uporaba<\/strong><\/em><\/p>\n<p>Krema, ki izbolj\u0161a \u010dvrstost in sijaj ko\u017ee. Zmanj\u0161uje starostne pege, pigmentne made\u017ee in poenoti ten ko\u017ee. Krema se lahko vpije in ne pu\u0161\u010da belih sledi. Vonj: cvetovi japonske \u010de\u0161nje in beli \u010daj.<\/p>","protected":false},"featured_media":627,"template":"","meta":[],"product_cat":[20],"product_tag":[],"class_list":["post-626","product","type-product","status-publish","has-post-thumbnail","hentry","product_cat-zascita-in-nega"],"_links":{"self":[{"href":"https:\/\/shop.lestetikalea.com\/hr\/wp-json\/wp\/v2\/product\/626","targetHints":{"allow":["GET"]}}],"collection":[{"href":"https:\/\/shop.lestetikalea.com\/hr\/wp-json\/wp\/v2\/product"}],"about":[{"href":"https:\/\/shop.lestetikalea.com\/hr\/wp-json\/wp\/v2\/types\/product"}],"wp:featuredmedia":[{"embeddable":true,"href":"https:\/\/shop.lestetikalea.com\/hr\/wp-json\/wp\/v2\/media\/627"}],"wp:attachment":[{"href":"https:\/\/shop.lestetikalea.com\/hr\/wp-json\/wp\/v2\/media?parent=626"}],"wp:term":[{"taxonomy":"product_cat","embeddable":true,"href":"https:\/\/shop.lestetikalea.com\/hr\/wp-json\/wp\/v2\/product_cat?post=626"},{"taxonomy":"product_tag","embeddable":true,"href":"https:\/\/shop.lestetikalea.com\/hr\/wp-json\/wp\/v2\/product_tag?post=626"}],"curies":[{"name":"wp","href":"https:\/\/api.w.org\/{rel}","templated":true}]}}