{"id":632,"date":"2023-02-21T15:55:52","date_gmt":"2023-02-21T14:55:52","guid":{"rendered":"https:\/\/shop.lestetikalea.com\/?post_type=product&#038;p=632"},"modified":"2025-02-04T12:32:13","modified_gmt":"2025-02-04T11:32:13","slug":"bdr-re-action-ep-posvetlitvena-kislina-10ml","status":"publish","type":"product","link":"https:\/\/shop.lestetikalea.com\/hr\/bdr-kozmeticni-preparati-za-nego-koze\/priprava-koze\/bdr-re-action-ep-posvetlitvena-kislina-10ml\/","title":{"rendered":"BDR Re-action EP posvetlitvena kislina &#8211; 10mL"},"content":{"rendered":"<p><em><strong>Dnevna uporaba<\/strong><\/em><\/p>\n<p>Izjemno lahka teko\u010dina, ki zmanj\u0161uje pigmentne made\u017ee in izena\u010di ten ko\u017ee. U\u010dinkovito zmanj\u0161uje rde\u010dico tudi v primeru kuperoze in rozacee. Deluje protivnetno, pomirjajo\u010de in antioksidativno. Ne vsebuje barvil, di\u0161av ali lipidov.<\/p>\n<p><em><strong>Uporaba<\/strong><\/em>: Nanesite zve\u010der po \u010di\u0161\u010denju in tonificiranju. Izogibajte se predelu sluznic. Ne izpirate!<\/p>\n<p><em><strong>Kontraindikacije<\/strong><\/em>: alergije, izpostavljenost UV \u017earkom, herpes, nose\u010dnost in dojenje.<\/p>","protected":false},"excerpt":{"rendered":"<p><em><strong>Dnevna uporaba<\/strong><\/em><\/p>\n<p>Izjemno lahka teko\u010dina, ki zmanj\u0161uje pigmentne made\u017ee in izena\u010di ten ko\u017ee. U\u010dinkovito zmanj\u0161uje rde\u010dico tudi v primeru kuperoze in rozacee. Deluje protivnetno, pomirjajo\u010de in antioksidativno. Ne vsebuje barvil, di\u0161av ali lipidov.<\/p>","protected":false},"featured_media":633,"template":"","meta":[],"product_cat":[17],"product_tag":[],"class_list":["post-632","product","type-product","status-publish","has-post-thumbnail","hentry","product_cat-priprava-koze"],"_links":{"self":[{"href":"https:\/\/shop.lestetikalea.com\/hr\/wp-json\/wp\/v2\/product\/632","targetHints":{"allow":["GET"]}}],"collection":[{"href":"https:\/\/shop.lestetikalea.com\/hr\/wp-json\/wp\/v2\/product"}],"about":[{"href":"https:\/\/shop.lestetikalea.com\/hr\/wp-json\/wp\/v2\/types\/product"}],"wp:featuredmedia":[{"embeddable":true,"href":"https:\/\/shop.lestetikalea.com\/hr\/wp-json\/wp\/v2\/media\/633"}],"wp:attachment":[{"href":"https:\/\/shop.lestetikalea.com\/hr\/wp-json\/wp\/v2\/media?parent=632"}],"wp:term":[{"taxonomy":"product_cat","embeddable":true,"href":"https:\/\/shop.lestetikalea.com\/hr\/wp-json\/wp\/v2\/product_cat?post=632"},{"taxonomy":"product_tag","embeddable":true,"href":"https:\/\/shop.lestetikalea.com\/hr\/wp-json\/wp\/v2\/product_tag?post=632"}],"curies":[{"name":"wp","href":"https:\/\/api.w.org\/{rel}","templated":true}]}}