{"id":668,"date":"2023-07-21T13:52:10","date_gmt":"2023-07-21T11:52:10","guid":{"rendered":"https:\/\/shop.lestetikalea.com\/?post_type=product&#038;p=668"},"modified":"2026-03-11T11:51:32","modified_gmt":"2026-03-11T10:51:32","slug":"bdr-deep-cleanse-cistilna-pena-100ml","status":"publish","type":"product","link":"https:\/\/shop.lestetikalea.com\/hr\/bdr-kozmeticni-preparati-za-nego-koze\/ciscenje-koze\/bdr-deep-cleanse-cistilna-pena-100ml\/","title":{"rendered":"BDR Deep Cleanse \u010distilna pena &#8211; 100mL"},"content":{"rendered":"<p><em><strong>Vla\u017eilna pena za \u010di\u0161\u010denje ko\u017ee<\/strong><\/em><\/p>\n<p><span>Za\u010dnite ritual nege ko\u017ee z vla\u017eilno \u010distilno peno Deep Cleanse. Pena je primerna za vsakodnevno \u010di\u0161\u010denje vseh tipov ko\u017ee in celo ne\u017eno odstrani li\u010dila. Vsebovana vla\u017eilna krema na osnovi aminokislin (skoraj enaka ko\u017ei lastnemu NMF) ko\u017eo navla\u017ei \u017ee med \u010di\u0161\u010denjem, hkrati pa ko\u017eo napne.<\/span><\/p>\n<p><strong><span>Nasvet<\/span><\/strong><span>\u00a0Deep Cleanse \u010distilna pena je odli\u010dna tudi kot pena za britje!<\/span><\/p>\n<p><strong><span>Uporaba<\/span><\/strong><span> Zjutraj in zve\u010der z mokrimi rokami na kratko spenite koli\u010dino izdelka v velikosti graha.\u00a0Nato nanesite na obraz, vrat in dekolte.\u00a0Izperite z zadostno koli\u010dino vode in nadaljujte z nego.<\/span><\/p>\n<p><strong><span>Prednosti redne uporabe<\/span><\/strong><\/p>\n<ul>\n<li><span>primerno za vse tipe ko\u017ee<\/span><\/li>\n<li><span>brez dra\u017ee\u010dih povr\u0161insko aktivnih snovi (SLS, NLS, SDS itd.)<\/span><\/li>\n<li><span>u\u010dinkovito \u010di\u0161\u010denje brez ob\u010dutka napetosti ali solzenja<\/span><\/li>\n<li><span>nevtralen okus\u2013 nima okusa po milu<\/span><\/li>\n<li><span>med \u010di\u0161\u010denjem vla\u017ei z NMF (naravnimi vla\u017eilnimi faktorji)<\/span><\/li>\n<li><span>ne\u017ena uniseks di\u0161ava<\/span><\/li>\n<\/ul>\n<p><strong><span>Lastnosti izdelka<\/span><\/strong><span>\u00a0: vegansko, \u010dista lepota, zdravo staranje, brez mikroplastike, brez mineralnih olj, brez parabenov, brez silikona<\/span><\/p>","protected":false},"excerpt":{"rendered":"<p><em><strong>Vla\u017eilna pena za \u010di\u0161\u010denje ko\u017ee<\/strong><\/em><\/p>\n<p>Za\u010dnite ritual nege ko\u017ee z vla\u017eilno \u010distilno peno Deep Cleanse. Pena je primerna za vsakodnevno \u010di\u0161\u010denje vseh tipov ko\u017ee in celo ne\u017eno odstrani li\u010dila. Vsebovana vla\u017eilna krema na osnovi aminokislin (skoraj enaka ko\u017ei lastnemu NMF) ko\u017eo navla\u017ei \u017ee med \u010di\u0161\u010denjem, hkrati pa ko\u017eo napne.<\/p>","protected":false},"featured_media":669,"template":"","meta":[],"product_cat":[16],"product_tag":[],"class_list":["post-668","product","type-product","status-publish","has-post-thumbnail","hentry","product_cat-ciscenje-koze"],"_links":{"self":[{"href":"https:\/\/shop.lestetikalea.com\/hr\/wp-json\/wp\/v2\/product\/668","targetHints":{"allow":["GET"]}}],"collection":[{"href":"https:\/\/shop.lestetikalea.com\/hr\/wp-json\/wp\/v2\/product"}],"about":[{"href":"https:\/\/shop.lestetikalea.com\/hr\/wp-json\/wp\/v2\/types\/product"}],"wp:featuredmedia":[{"embeddable":true,"href":"https:\/\/shop.lestetikalea.com\/hr\/wp-json\/wp\/v2\/media\/669"}],"wp:attachment":[{"href":"https:\/\/shop.lestetikalea.com\/hr\/wp-json\/wp\/v2\/media?parent=668"}],"wp:term":[{"taxonomy":"product_cat","embeddable":true,"href":"https:\/\/shop.lestetikalea.com\/hr\/wp-json\/wp\/v2\/product_cat?post=668"},{"taxonomy":"product_tag","embeddable":true,"href":"https:\/\/shop.lestetikalea.com\/hr\/wp-json\/wp\/v2\/product_tag?post=668"}],"curies":[{"name":"wp","href":"https:\/\/api.w.org\/{rel}","templated":true}]}}