{"id":819,"date":"2025-02-06T13:06:54","date_gmt":"2025-02-06T12:06:54","guid":{"rendered":"https:\/\/shop.lestetikalea.com\/?post_type=product&#038;p=819"},"modified":"2025-02-06T13:06:55","modified_gmt":"2025-02-06T12:06:55","slug":"bdr-4-weeks-set-youth-essentials-set-za-izsuseno-kozo","status":"publish","type":"product","link":"https:\/\/shop.lestetikalea.com\/hr\/bdr-kozmeticni-preparati-za-nego-koze\/ciscenje-koze\/bdr-4-weeks-set-youth-essentials-set-za-izsuseno-kozo\/","title":{"rendered":"BDR 4 Weeks set Youth Essentials- set za izsu\u0161eno ko\u017eo"},"content":{"rendered":"<p><em><strong>Set za 4- tedensko nego s poudarkom na vla\u017eenju<br \/>\n<\/strong><\/em><\/p>\n<p>Set u\u010dinkovito vla\u017ei in neguje dehidrirano in zelo izsu\u0161eno ko\u017eo. Vse kar potrebujete za zdravo in gladko ko\u017eo!<\/p>\n<p>Vsebuje:<\/p>\n<ul>\n<li><strong>Deep Cleanse<\/strong><strong>\u00a0<\/strong>30ml- <em>\u010distilno mleko z mikroniziranim srebrom<br \/>\n<\/em><\/li>\n<li><strong>Re-action Tonic <\/strong>30ml- <em>tonik<\/em><em><br \/>\n<\/em><\/li>\n<li><strong>Re-action natural <\/strong>10ml-<em> kislinski piling<\/em><\/li>\n<li><strong>Re-charge <\/strong>10ml- <em>vla\u017eilni serum<\/em><\/li>\n<li><strong>Re-vital <\/strong>15ml- <em>vla\u017eilna za\u0161\u010ditna krema\u00a0<\/em><\/li>\n<\/ul>\n<p><b><em>Uporaba:<\/em> <\/b><\/p>\n<p>Vsako jutro in vsak ve\u010der si o\u010distite obraz z Re-move \u010distilnim mlekom. Nato uporabite Re-action tonik, katerega nanesete pocelotnem obrazu (z vatirano blazinico ali z rokami). Nato nanesite Re-charge vla\u017eilni serum. Nego zaklju\u010dite z Re-vital kremo.<\/p>\n<p>1x -2x tedensko v ve\u010derno rutino nege obraza dodajte Re-action natural kislino, ki jo nanesete po \u010di\u0161\u010denju in tonificiranju, pustite delovati 10-15 minut in nato sperete. Nato nanesete Re-charge serum. Nego zaklju\u010dite z Re-vital kremo.<\/p>","protected":false},"excerpt":{"rendered":"<p><em><strong>Set za 4- tedensko nego s poudarkom na vla\u017eenju<br \/>\n<\/strong><\/em><\/p>\n<p>Set u\u010dinkovito vla\u017ei in neguje dehidrirano in zelo izsu\u0161eno ko\u017eo. Vse kar potrebujete za zdravo in gladko ko\u017eo!<\/p>","protected":false},"featured_media":834,"template":"","meta":[],"product_cat":[16,17,19,18,20],"product_tag":[],"class_list":["post-819","product","type-product","status-publish","has-post-thumbnail","hentry","product_cat-ciscenje-koze","product_cat-priprava-koze","product_cat-resevanje-problemov","product_cat-vlazenje","product_cat-zascita-in-nega"],"_links":{"self":[{"href":"https:\/\/shop.lestetikalea.com\/hr\/wp-json\/wp\/v2\/product\/819","targetHints":{"allow":["GET"]}}],"collection":[{"href":"https:\/\/shop.lestetikalea.com\/hr\/wp-json\/wp\/v2\/product"}],"about":[{"href":"https:\/\/shop.lestetikalea.com\/hr\/wp-json\/wp\/v2\/types\/product"}],"wp:featuredmedia":[{"embeddable":true,"href":"https:\/\/shop.lestetikalea.com\/hr\/wp-json\/wp\/v2\/media\/834"}],"wp:attachment":[{"href":"https:\/\/shop.lestetikalea.com\/hr\/wp-json\/wp\/v2\/media?parent=819"}],"wp:term":[{"taxonomy":"product_cat","embeddable":true,"href":"https:\/\/shop.lestetikalea.com\/hr\/wp-json\/wp\/v2\/product_cat?post=819"},{"taxonomy":"product_tag","embeddable":true,"href":"https:\/\/shop.lestetikalea.com\/hr\/wp-json\/wp\/v2\/product_tag?post=819"}],"curies":[{"name":"wp","href":"https:\/\/api.w.org\/{rel}","templated":true}]}}