{"id":917,"date":"2026-03-11T12:04:02","date_gmt":"2026-03-11T11:04:02","guid":{"rendered":"https:\/\/shop.lestetikalea.com\/?post_type=product&#038;p=917"},"modified":"2026-03-11T12:04:02","modified_gmt":"2026-03-11T11:04:02","slug":"bdr-re-action-tonic-professional-150-ml","status":"publish","type":"product","link":"https:\/\/shop.lestetikalea.com\/hr\/bdr-kozmeticni-preparati-za-nego-koze\/priprava-koze\/bdr-re-action-tonic-professional-150-ml\/","title":{"rendered":"BDR Re-action Tonic Professional \u2013 150 ml"},"content":{"rendered":"<p data-start=\"39\" data-end=\"132\"><strong data-start=\"39\" data-end=\"71\">Re-action Tonic Professional<\/strong><br data-start=\"71\" data-end=\"74\" \/><strong data-start=\"74\" data-end=\"130\">pripravljalna esenca za ko\u017eo z BHA in fitokompleksom<\/strong><\/p>\n<p data-start=\"134\" data-end=\"408\">Ultimativni pospe\u0161evalec u\u010dinkovin za enakomerno in \u010disto polt. Visoko koncentriran tonik\u00a0<strong data-start=\"224\" data-end=\"256\">Re-action Tonic Professional<\/strong>\u00a0optimalno pripravi ko\u017eo na nadaljnje bdr\u00ae serume ter pove\u010da njeno naravno sposobnost vezave vlage. Obenem vidno zmanj\u0161a pore, spodbuja in gladi ko\u017eo.<\/p>\n<p data-start=\"410\" data-end=\"483\"><strong data-start=\"410\" data-end=\"424\">TIPI KO\u017dE:<\/strong><br data-start=\"424\" data-end=\"427\" \/>Priprava ko\u017ee za skoraj vse tipe, pred nadaljnjo nego.<\/p>\n<p data-start=\"485\" data-end=\"683\"><strong data-start=\"485\" data-end=\"497\">UPORABA:<\/strong><br data-start=\"497\" data-end=\"500\" \/>Nanesite majhno koli\u010dino enkrat do dvakrat dnevno; najprej z vla\u017eno vatno blazinico. Po nekaj nanosih lahko uporabite suho vatno blazinico. Izogibajte se stiku z o\u010dmi in sluznicami.<\/p>\n<p data-start=\"685\" data-end=\"739\"><strong data-start=\"685\" data-end=\"703\">KLJU\u010cNE TO\u010cKE:<\/strong><br data-start=\"703\" data-end=\"706\" \/>Pozitivni u\u010dinki redne uporabe:<\/p>\n<ul data-start=\"740\" data-end=\"1085\">\n<li data-start=\"740\" data-end=\"841\">\n<p data-start=\"742\" data-end=\"841\">primeren za vse tipe ko\u017ee, razen za ko\u017eo s hudimi \u017eilnimi spremembami (npr. kuperoza ali rozacea)<\/p>\n<\/li>\n<li data-start=\"842\" data-end=\"961\">\n<p data-start=\"844\" data-end=\"961\"><strong data-start=\"844\" data-end=\"856\">leave-on<\/strong>\u00a0izdelek s sebuma uravnavajo\u010dim kafrom ter kislinskim kompleksom mle\u010dne, citronske in salicilne kisline<\/p>\n<\/li>\n<li data-start=\"962\" data-end=\"1009\">\n<p data-start=\"964\" data-end=\"1009\">hamamelis in aloe vera delujeta protivnetno<\/p>\n<\/li>\n<li data-start=\"1010\" data-end=\"1052\">\n<p data-start=\"1012\" data-end=\"1052\">stabilizira in izbolj\u0161a strukturo ko\u017ee<\/p>\n<\/li>\n<li data-start=\"1053\" data-end=\"1085\">\n<p data-start=\"1055\" data-end=\"1085\">aktivira in razstruplja ko\u017eo<\/p>\n<\/li>\n<\/ul>","protected":false},"excerpt":{"rendered":"<p><strong data-start=\"39\" data-end=\"71\">Re-action Tonic Professional<\/strong><br data-start=\"71\" data-end=\"74\" \/><strong data-start=\"74\" data-end=\"130\">pripravljalna esenca za ko\u017eo z BHA in fitokompleksom<\/strong><\/p>","protected":false},"featured_media":918,"template":"","meta":[],"product_cat":[17],"product_tag":[],"class_list":["post-917","product","type-product","status-publish","has-post-thumbnail","hentry","product_cat-priprava-koze"],"_links":{"self":[{"href":"https:\/\/shop.lestetikalea.com\/hr\/wp-json\/wp\/v2\/product\/917","targetHints":{"allow":["GET"]}}],"collection":[{"href":"https:\/\/shop.lestetikalea.com\/hr\/wp-json\/wp\/v2\/product"}],"about":[{"href":"https:\/\/shop.lestetikalea.com\/hr\/wp-json\/wp\/v2\/types\/product"}],"wp:featuredmedia":[{"embeddable":true,"href":"https:\/\/shop.lestetikalea.com\/hr\/wp-json\/wp\/v2\/media\/918"}],"wp:attachment":[{"href":"https:\/\/shop.lestetikalea.com\/hr\/wp-json\/wp\/v2\/media?parent=917"}],"wp:term":[{"taxonomy":"product_cat","embeddable":true,"href":"https:\/\/shop.lestetikalea.com\/hr\/wp-json\/wp\/v2\/product_cat?post=917"},{"taxonomy":"product_tag","embeddable":true,"href":"https:\/\/shop.lestetikalea.com\/hr\/wp-json\/wp\/v2\/product_tag?post=917"}],"curies":[{"name":"wp","href":"https:\/\/api.w.org\/{rel}","templated":true}]}}